{"id":24700,"date":"2026-03-12T10:36:02","date_gmt":"2026-03-12T09:36:02","guid":{"rendered":"https:\/\/www.charmig.nl\/?post_type=product&#038;p=24700"},"modified":"2026-04-23T09:37:41","modified_gmt":"2026-04-23T07:37:41","slug":"niels-otto-moller-eetkamerstoelen-model-56-teak-gerestaureerd","status":"publish","type":"product","link":"https:\/\/www.charmig.nl\/fr\/produit\/meubles\/sieges\/chaises-de-salle-a-manger\/niels-otto-moller-eetkamerstoelen-model-56-teak-gerestaureerd\/","title":{"rendered":"Chaises de salle \u00e0 manger Niels Otto Moller | Mod\u00e8le 56 | Teck| Restaur\u00e9"},"content":{"rendered":"","protected":false},"excerpt":{"rendered":"Prachtige vintage eetkamerstoel, ontworpen door Niels Otto M\u00f8ller, model 56. De stoel is uitgevoerd in teaken voorzien van nieuw Deens Papercord. Het frame van de stoel is nagekeken en voorzien van een nieuwe finish. Zo kan dit iconische model weer jaren mee! We hebben ook een set van 6 bijpassende M\u00f8ller model 75 eetkamerstoelen. beschikbaar, deze passen perfect qua kleur. \r\n\r\nOntwerp periode: 1950 &#8211; 1960\r\nStijl: Mid century modern &#8211; Deens design &#8211; Scandinavisch design\r\nMateriaal: Teak, Deens papercord\r\nConditie: Gerestaureerd, frames nagekeken en voorzien van nieuw papercord\r\nOntwerper: Niels Otto M\u00f8ller\r\nFabrikant: JL Mollers Mobelfabrik\r\n\r\nAfmetingen:\r\nHoogte: 76 cm\r\nZithoogte: 44 cm\r\nBreedte: 58 cm\r\nDiepte: 51 cm\r\nHoogte armleuningen: 65 cm\r\n\r\nArtikelnummer: 211854","protected":false},"featured_media":24701,"template":"","meta":{"_acf_changed":false},"product_brand":[],"product_cat":[117],"product_tag":[],"class_list":{"0":"post-24700","1":"product","2":"type-product","3":"status-publish","4":"has-post-thumbnail","6":"product_cat-eetkamerstoelen","7":"product_shipping_class-koerier","9":"first","10":"instock","11":"shipping-taxable","12":"purchasable","13":"product-type-simple"},"composite_virtual":false,"composite_layout":"","composite_add_to_cart_form_location":"","composite_editable_in_cart":false,"composite_sold_individually_context":"","composite_shop_price_calc":"","composite_components":[],"composite_scenarios":[],"exclude_global_add_ons":[],"addons":[],"acf":[],"yoast_head":null,"yoast_head_json":null,"_links":{"self":[{"href":"https:\/\/www.charmig.nl\/fr\/wp-json\/wp\/v2\/product\/24700","targetHints":{"allow":["GET"]}}],"collection":[{"href":"https:\/\/www.charmig.nl\/fr\/wp-json\/wp\/v2\/product"}],"about":[{"href":"https:\/\/www.charmig.nl\/fr\/wp-json\/wp\/v2\/types\/product"}],"wp:featuredmedia":[{"embeddable":true,"href":"https:\/\/www.charmig.nl\/fr\/wp-json\/wp\/v2\/media\/24701"}],"wp:attachment":[{"href":"https:\/\/www.charmig.nl\/fr\/wp-json\/wp\/v2\/media?parent=24700"}],"wp:term":[{"taxonomy":"product_brand","embeddable":true,"href":"https:\/\/www.charmig.nl\/fr\/wp-json\/wp\/v2\/product_brand?post=24700"},{"taxonomy":"product_cat","embeddable":true,"href":"https:\/\/www.charmig.nl\/fr\/wp-json\/wp\/v2\/product_cat?post=24700"},{"taxonomy":"product_tag","embeddable":true,"href":"https:\/\/www.charmig.nl\/fr\/wp-json\/wp\/v2\/product_tag?post=24700"}],"curies":[{"name":"wp","href":"https:\/\/api.w.org\/{rel}","templated":true}]}}