{"id":24902,"date":"2026-03-16T13:55:39","date_gmt":"2026-03-16T12:55:39","guid":{"rendered":"https:\/\/www.charmig.nl\/?post_type=product&#038;p=24902"},"modified":"2026-04-23T09:37:44","modified_gmt":"2026-04-23T07:37:44","slug":"set-van-4-farstrup-eetkamerstoelen-deens-design-vintage","status":"publish","type":"product","link":"https:\/\/www.charmig.nl\/fr\/produit\/meubles\/sieges\/chaises-de-salle-a-manger\/set-van-4-farstrup-eetkamerstoelen-deens-design-vintage\/","title":{"rendered":"Ensemble de 4 chaises de salle \u00e0 manger Farstrup - design danois vintage"},"content":{"rendered":"","protected":false},"excerpt":{"rendered":"Ensemble de quatre chaises de salle \u00e0 manger danoises vintage, mod\u00e8le 206, produites par Farstrup au Danemark dans les ann\u00e9es 1950. Ces magnifiques chaises de salle \u00e0 manger au design danois sont un bel exemple du design scandinave intemporel de la p\u00e9riode moderne du milieu du si\u00e8cle dernier.\r\n\r\nLes chaises ont un design \u00e9l\u00e9gant et minimaliste avec un cadre en teck chaud. Les lignes \u00e9pur\u00e9es et le design raffin\u00e9 conf\u00e8rent \u00e0 ces chaises de salle \u00e0 manger r\u00e9tro une allure \u00e9l\u00e9gante et pleine de caract\u00e8re. Par cons\u00e9quent, elles s'int\u00e8grent parfaitement dans les int\u00e9rieurs modernes ainsi que dans les int\u00e9rieurs vintage ou scandinaves.\r\n\r\nLes chaises de salle \u00e0 manger vintage sont recouvertes d'un tissu en velours rouge avec un motif chevron subtil. Ce tissu donne aux chaises un aspect luxueux et unique et forme un beau contraste avec le bois chaud. La couleur du tissu correspond le mieux \u00e0 la photo de d\u00e9tail.\r\n\r\nCes chaises de salle \u00e0 manger scandinaves ne sont pas seulement un ajout \u00e9l\u00e9gant \u00e0 votre int\u00e9rieur, elles sont aussi confortables et robustes - id\u00e9ales comme chaises de salle \u00e0 manger design pour un usage quotidien.\r\n\r\nStyle : moderne du milieu du si\u00e8cle - design danois - design scandinave - r\u00e9tro\r\nMat\u00e9riau : Teck\r\n\u00c9tat : Tr\u00e8s bon \u00e9tat vintage, professionnellement retapiss\u00e9\r\nFabricant : Farstrup - mod\u00e8le 206\r\n\r\nDimensions de la chaise\r\nHauteur : 74 cm\r\nHauteur de l'assise : 47 cm\r\nLargeur : 51 cm\r\nProfondeur : 51 cm\r\n\r\nNum\u00e9ro d'article : 211866","protected":false},"featured_media":24905,"template":"","meta":{"_acf_changed":false},"product_brand":[],"product_cat":[117],"product_tag":[],"class_list":{"0":"post-24902","1":"product","2":"type-product","3":"status-publish","4":"has-post-thumbnail","6":"product_cat-eetkamerstoelen","7":"product_shipping_class-koerier","9":"first","10":"instock","11":"shipping-taxable","12":"purchasable","13":"product-type-simple"},"composite_virtual":false,"composite_layout":"","composite_add_to_cart_form_location":"","composite_editable_in_cart":false,"composite_sold_individually_context":"","composite_shop_price_calc":"","composite_components":[],"composite_scenarios":[],"exclude_global_add_ons":[],"addons":[],"acf":[],"yoast_head":null,"yoast_head_json":null,"_links":{"self":[{"href":"https:\/\/www.charmig.nl\/fr\/wp-json\/wp\/v2\/product\/24902","targetHints":{"allow":["GET"]}}],"collection":[{"href":"https:\/\/www.charmig.nl\/fr\/wp-json\/wp\/v2\/product"}],"about":[{"href":"https:\/\/www.charmig.nl\/fr\/wp-json\/wp\/v2\/types\/product"}],"wp:featuredmedia":[{"embeddable":true,"href":"https:\/\/www.charmig.nl\/fr\/wp-json\/wp\/v2\/media\/24905"}],"wp:attachment":[{"href":"https:\/\/www.charmig.nl\/fr\/wp-json\/wp\/v2\/media?parent=24902"}],"wp:term":[{"taxonomy":"product_brand","embeddable":true,"href":"https:\/\/www.charmig.nl\/fr\/wp-json\/wp\/v2\/product_brand?post=24902"},{"taxonomy":"product_cat","embeddable":true,"href":"https:\/\/www.charmig.nl\/fr\/wp-json\/wp\/v2\/product_cat?post=24902"},{"taxonomy":"product_tag","embeddable":true,"href":"https:\/\/www.charmig.nl\/fr\/wp-json\/wp\/v2\/product_tag?post=24902"}],"curies":[{"name":"wp","href":"https:\/\/api.w.org\/{rel}","templated":true}]}}