{"id":25040,"date":"2026-03-30T10:37:02","date_gmt":"2026-03-30T08:37:02","guid":{"rendered":"https:\/\/www.charmig.nl\/?post_type=product&#038;p=25040"},"modified":"2026-05-07T12:39:42","modified_gmt":"2026-05-07T10:39:42","slug":"vintage-deense-lounge-fauteuil-bruin-1960s","status":"publish","type":"product","link":"https:\/\/www.charmig.nl\/fr\/product\/meubels\/zitmeubelen\/fauteuils\/vintage-deense-lounge-fauteuil-bruin-1960s\/","title":{"rendered":"Fauteuil de salon danois vintage | Marron | 1960s"},"content":{"rendered":"","protected":false},"excerpt":{"rendered":"Magnifique fauteuil danois vintage, con\u00e7u dans les ann\u00e9es 1960, dans un style danois caract\u00e9ristique. Ce fauteuil \u00e9l\u00e9gant est incroyablement confortable et attire tous les regards dans n'importe quel int\u00e9rieur.\r\n\r\nLe cadre est en bois de h\u00eatre massif et pr\u00e9sente des formes organiques caract\u00e9ristiques, ce qui rend le fauteuil styl\u00e9 et \u00e9l\u00e9gant.\r\n\r\n\r\nP\u00e9riode de conception : ann\u00e9es 1960\r\nStyle : Vintage, Mid-century modern\r\nMat\u00e9riau : Tissu, h\u00eatre\r\nCondition : En bon \u00e9tat vintage, l\u00e9gers signes d'utilisation correspondant \u00e0 l'\u00e2ge du meuble\r\n\r\nDimensions du meuble :\r\nLargeur : 71\r\nHauteur : 73 cm\r\nProfondeur : 67 cm\r\nHauteur du si\u00e8ge : 40 cm\r\n\r\nNum\u00e9ro d'article : 211874","protected":false},"featured_media":25041,"template":"","meta":{"_acf_changed":false},"product_brand":[],"product_cat":[158],"product_tag":[],"class_list":{"0":"post-25040","1":"product","2":"type-product","3":"status-publish","4":"has-post-thumbnail","6":"product_cat-fauteuils","7":"product_shipping_class-koerier","9":"first","10":"outofstock","11":"shipping-taxable","12":"purchasable","13":"product-type-simple"},"composite_virtual":false,"composite_layout":"","composite_add_to_cart_form_location":"","composite_editable_in_cart":false,"composite_sold_individually_context":"","composite_shop_price_calc":"","composite_components":[],"composite_scenarios":[],"exclude_global_add_ons":[],"addons":[],"acf":[],"yoast_head":null,"yoast_head_json":null,"_links":{"self":[{"href":"https:\/\/www.charmig.nl\/fr\/wp-json\/wp\/v2\/product\/25040","targetHints":{"allow":["GET"]}}],"collection":[{"href":"https:\/\/www.charmig.nl\/fr\/wp-json\/wp\/v2\/product"}],"about":[{"href":"https:\/\/www.charmig.nl\/fr\/wp-json\/wp\/v2\/types\/product"}],"wp:featuredmedia":[{"embeddable":true,"href":"https:\/\/www.charmig.nl\/fr\/wp-json\/wp\/v2\/media\/25041"}],"wp:attachment":[{"href":"https:\/\/www.charmig.nl\/fr\/wp-json\/wp\/v2\/media?parent=25040"}],"wp:term":[{"taxonomy":"product_brand","embeddable":true,"href":"https:\/\/www.charmig.nl\/fr\/wp-json\/wp\/v2\/product_brand?post=25040"},{"taxonomy":"product_cat","embeddable":true,"href":"https:\/\/www.charmig.nl\/fr\/wp-json\/wp\/v2\/product_cat?post=25040"},{"taxonomy":"product_tag","embeddable":true,"href":"https:\/\/www.charmig.nl\/fr\/wp-json\/wp\/v2\/product_tag?post=25040"}],"curies":[{"name":"wp","href":"https:\/\/api.w.org\/{rel}","templated":true}]}}