{"id":6113,"date":"2023-02-20T13:24:55","date_gmt":"2023-02-20T12:24:55","guid":{"rendered":"https:\/\/www.charmig.nl\/?post_type=product&#038;p=6113"},"modified":"2026-02-24T09:00:37","modified_gmt":"2026-02-24T08:00:37","slug":"vintage-cascade-lamp-1970s","status":"publish","type":"product","link":"https:\/\/www.charmig.nl\/fr\/produit\/archives\/vintage-cascade-lamp-1970s\/","title":{"rendered":"Lampe cascade vintage | 1970"},"content":{"rendered":"","protected":false},"excerpt":{"rendered":"Num\u00e9ro d'article : 210623\r\n\r\nLampe Cascade des ann\u00e9es 1970, plaque de plafond et supports d'abat-jour chrom\u00e9s, 7 calices en verre de cristal, d\u00e9cal\u00e9s en longueur. Cette lampe suspendue vintage est en tr\u00e8s bon \u00e9tat.\r\n\r\nP\u00e9riode de cr\u00e9ation : 1970\r\nStyle : Moderne du milieu du si\u00e8cle\r\nMat\u00e9riau : Chrome, verre,\r\nCondition : tr\u00e8s bon \u00e9tat vintage, le c\u00e2blage d'origine fonctionne\r\n\r\nDimensions : Diam\u00e8tre : 50 cm :\r\nDiam\u00e8tre : 50 cm\r\nHauteur : 80 cm\r\n\r\nDimensions 7 calices :\r\nHauteur : 15 cm\r\nDiam\u00e8tre : 10 cm","protected":false},"featured_media":7468,"template":"","meta":{"_acf_changed":false},"product_brand":[],"product_cat":[103],"product_tag":[],"class_list":{"0":"post-6113","1":"product","2":"type-product","3":"status-publish","4":"has-post-thumbnail","6":"product_cat-archief","7":"product_shipping_class-groot-pakket","9":"first","10":"outofstock","11":"shipping-taxable","12":"product-type-simple"},"composite_virtual":false,"composite_layout":"","composite_add_to_cart_form_location":"","composite_editable_in_cart":false,"composite_sold_individually_context":"","composite_shop_price_calc":"","composite_components":[],"composite_scenarios":[],"exclude_global_add_ons":[],"addons":[],"acf":[],"yoast_head":null,"yoast_head_json":null,"_links":{"self":[{"href":"https:\/\/www.charmig.nl\/fr\/wp-json\/wp\/v2\/product\/6113","targetHints":{"allow":["GET"]}}],"collection":[{"href":"https:\/\/www.charmig.nl\/fr\/wp-json\/wp\/v2\/product"}],"about":[{"href":"https:\/\/www.charmig.nl\/fr\/wp-json\/wp\/v2\/types\/product"}],"wp:featuredmedia":[{"embeddable":true,"href":"https:\/\/www.charmig.nl\/fr\/wp-json\/wp\/v2\/media\/7468"}],"wp:attachment":[{"href":"https:\/\/www.charmig.nl\/fr\/wp-json\/wp\/v2\/media?parent=6113"}],"wp:term":[{"taxonomy":"product_brand","embeddable":true,"href":"https:\/\/www.charmig.nl\/fr\/wp-json\/wp\/v2\/product_brand?post=6113"},{"taxonomy":"product_cat","embeddable":true,"href":"https:\/\/www.charmig.nl\/fr\/wp-json\/wp\/v2\/product_cat?post=6113"},{"taxonomy":"product_tag","embeddable":true,"href":"https:\/\/www.charmig.nl\/fr\/wp-json\/wp\/v2\/product_tag?post=6113"}],"curies":[{"name":"wp","href":"https:\/\/api.w.org\/{rel}","templated":true}]}}