{"id":6127,"date":"2023-02-20T13:25:02","date_gmt":"2023-02-20T12:25:02","guid":{"rendered":"https:\/\/www.charmig.nl\/product\/bureau-boomerang-peter-lovig-nielsen-palissander-1970s\/"},"modified":"2026-04-23T09:35:12","modified_gmt":"2026-04-23T07:35:12","slug":"bureau-boomerang-peter-lovig-nielsen-palissander-1970s","status":"publish","type":"product","link":"https:\/\/www.charmig.nl\/fr\/produit\/archives\/bureau-boomerang-peter-lovig-nielsen-palissander-1970s\/","title":{"rendered":"Bureau | 'Boomerang' | Peter L\u00f8vig Nielsen | Bois de rose | 1970"},"content":{"rendered":"","protected":false},"excerpt":{"rendered":"Num\u00e9ro d'article : 210379\r\n\r\nBureau ind\u00e9pendant tr\u00e8s h\u00e9risson de Peter L\u00f8vig Nielsen. Ce bureau iconique se caract\u00e9rise par sa forme de boomerang a-sym\u00e9trique avec une construction en V au milieu. La finition raffin\u00e9e fait de ce bureau un v\u00e9ritable accroche-regard ! Un d\u00e9tail int\u00e9ressant est le dos ajour\u00e9 avec le meuble \u00e0 boissons \u00e0 l'arri\u00e8re.\r\n\r\nLe bureau est en tr\u00e8s bon \u00e9tat vintage, le plateau a re\u00e7u une nouvelle finition, ne laissant pratiquement aucune trace d'utilisation.\r\n\r\nDimensions du bureau :\r\nLargeur : 150 cm\r\nHauteur : 74 cm\r\nProfondeur : 80 cm","protected":false},"featured_media":7357,"template":"","meta":{"_acf_changed":false},"product_brand":[],"product_cat":[103],"product_tag":[],"class_list":{"0":"post-6127","1":"product","2":"type-product","3":"status-publish","4":"has-post-thumbnail","6":"product_cat-archief","7":"product_shipping_class-koerier","9":"first","10":"outofstock","11":"shipping-taxable","12":"product-type-simple"},"composite_virtual":false,"composite_layout":"","composite_add_to_cart_form_location":"","composite_editable_in_cart":false,"composite_sold_individually_context":"","composite_shop_price_calc":"","composite_components":[],"composite_scenarios":[],"exclude_global_add_ons":[],"addons":[],"acf":[],"yoast_head":null,"yoast_head_json":null,"_links":{"self":[{"href":"https:\/\/www.charmig.nl\/fr\/wp-json\/wp\/v2\/product\/6127","targetHints":{"allow":["GET"]}}],"collection":[{"href":"https:\/\/www.charmig.nl\/fr\/wp-json\/wp\/v2\/product"}],"about":[{"href":"https:\/\/www.charmig.nl\/fr\/wp-json\/wp\/v2\/types\/product"}],"wp:featuredmedia":[{"embeddable":true,"href":"https:\/\/www.charmig.nl\/fr\/wp-json\/wp\/v2\/media\/7357"}],"wp:attachment":[{"href":"https:\/\/www.charmig.nl\/fr\/wp-json\/wp\/v2\/media?parent=6127"}],"wp:term":[{"taxonomy":"product_brand","embeddable":true,"href":"https:\/\/www.charmig.nl\/fr\/wp-json\/wp\/v2\/product_brand?post=6127"},{"taxonomy":"product_cat","embeddable":true,"href":"https:\/\/www.charmig.nl\/fr\/wp-json\/wp\/v2\/product_cat?post=6127"},{"taxonomy":"product_tag","embeddable":true,"href":"https:\/\/www.charmig.nl\/fr\/wp-json\/wp\/v2\/product_tag?post=6127"}],"curies":[{"name":"wp","href":"https:\/\/api.w.org\/{rel}","templated":true}]}}