{"id":6128,"date":"2023-02-20T13:25:02","date_gmt":"2023-02-20T12:25:02","guid":{"rendered":"https:\/\/www.charmig.nl\/product\/cascade-hanglamp-j-t-kalmar-ice-glass-sierra\/"},"modified":"2026-04-23T09:35:13","modified_gmt":"2026-04-23T07:35:13","slug":"cascade-lampe-pendante-j-t-kalmar-ice-glass-sierra","status":"publish","type":"product","link":"https:\/\/www.charmig.nl\/fr\/produit\/archives\/cascade-lampe-pendante-j-t-kalmar-ice-glass-sierra\/","title":{"rendered":"Lampe suspendue Cascade | J.T. Kalmar | Ice Glass Sierra"},"content":{"rendered":"","protected":false},"excerpt":{"rendered":"Num\u00e9ro d'article : 210474\r\n\r\nIl s'agit d'un rare lustre \u00e0 \u00e9tages de la s\u00e9rie \"Sierra\", produit par J.T. Kalmar, Autriche, dans les ann\u00e9es 1960 et 1970. Il se compose de 7 lampes suspendues, chacune compos\u00e9e de 4 \u00e9l\u00e9ments en verre Murano transparent. La longueur des c\u00e2bles peut \u00eatre modul\u00e9e pour modifier la structure globale du lustre.\r\n\r\nUne disposition basse avec de grandes distances entre les lampes convient bien aux escaliers et aux salles de s\u00e9jour. Un agencement de lampes en forme de nuage est parfait dans n'importe quelle pi\u00e8ce et s'adapte \u00e0 toutes les hauteurs de plafond.\r\n\r\nP\u00e9riode de cr\u00e9ation:1960 - 1970\r\nStyle:R\u00e9gence hollywoodienne, moderne du milieu du si\u00e8cle\r\nMat\u00e9riau:Verre de Murano\r\nCondition:Tr\u00e8s bon \u00e9tat vintage, le c\u00e2blage d'origine fonctionne\r\n\r\nDimensions de l'objet : Diam\u00e8tre : 35 cm\r\nDiam\u00e8tre : 35 cm\r\nHauteur : 117 cm\r\nDiam\u00e8tre par lampe : 14 cm\r\nHauteur par lampe : 19 cm","protected":false},"featured_media":7875,"template":"","meta":{"_acf_changed":false},"product_brand":[],"product_cat":[103],"product_tag":[],"class_list":{"0":"post-6128","1":"product","2":"type-product","3":"status-publish","4":"has-post-thumbnail","6":"product_cat-archief","7":"product_shipping_class-koerier","9":"first","10":"outofstock","11":"shipping-taxable","12":"product-type-simple"},"composite_virtual":false,"composite_layout":"","composite_add_to_cart_form_location":"","composite_editable_in_cart":false,"composite_sold_individually_context":"","composite_shop_price_calc":"","composite_components":[],"composite_scenarios":[],"exclude_global_add_ons":[],"addons":[],"acf":[],"yoast_head":null,"yoast_head_json":null,"_links":{"self":[{"href":"https:\/\/www.charmig.nl\/fr\/wp-json\/wp\/v2\/product\/6128","targetHints":{"allow":["GET"]}}],"collection":[{"href":"https:\/\/www.charmig.nl\/fr\/wp-json\/wp\/v2\/product"}],"about":[{"href":"https:\/\/www.charmig.nl\/fr\/wp-json\/wp\/v2\/types\/product"}],"wp:featuredmedia":[{"embeddable":true,"href":"https:\/\/www.charmig.nl\/fr\/wp-json\/wp\/v2\/media\/7875"}],"wp:attachment":[{"href":"https:\/\/www.charmig.nl\/fr\/wp-json\/wp\/v2\/media?parent=6128"}],"wp:term":[{"taxonomy":"product_brand","embeddable":true,"href":"https:\/\/www.charmig.nl\/fr\/wp-json\/wp\/v2\/product_brand?post=6128"},{"taxonomy":"product_cat","embeddable":true,"href":"https:\/\/www.charmig.nl\/fr\/wp-json\/wp\/v2\/product_cat?post=6128"},{"taxonomy":"product_tag","embeddable":true,"href":"https:\/\/www.charmig.nl\/fr\/wp-json\/wp\/v2\/product_tag?post=6128"}],"curies":[{"name":"wp","href":"https:\/\/api.w.org\/{rel}","templated":true}]}}