{"id":6135,"date":"2023-02-20T13:25:05","date_gmt":"2023-02-20T12:25:05","guid":{"rendered":"https:\/\/www.charmig.nl\/product\/eetkamerstoel-niels-otto-moller-model-no-71-teak\/"},"modified":"2026-02-24T09:00:38","modified_gmt":"2026-02-24T08:00:38","slug":"eetkamerstoel-niels-otto-moller-model-no-71-teak","status":"publish","type":"product","link":"https:\/\/www.charmig.nl\/fr\/produit\/archives\/eetkamerstoel-niels-otto-moller-model-no-71-teak\/","title":{"rendered":"Palwa Chandelier | lampe suspendue | verre et laiton | 1960"},"content":{"rendered":"","protected":false},"excerpt":{"rendered":"Num\u00e9ro d'article : 210404\r\n\r\nCe lustre vintage attire tous les regards et conf\u00e8re instantan\u00e9ment une atmosph\u00e8re grandiose \u00e0 n'importe quelle pi\u00e8ce. La lampe a des anneaux dor\u00e9s et des pendentifs en verre en forme de goutte de diff\u00e9rentes tailles.\r\n\r\nLa lampe est compl\u00e8tement compl\u00e8te et intacte. Cette lampe peut contenir 3 sources lumineuses E14.\r\n\r\nDiam\u00e8tre de la lampe : 40 cm :\r\n40 cm","protected":false},"featured_media":8142,"template":"","meta":{"_acf_changed":false},"product_brand":[],"product_cat":[103],"product_tag":[],"class_list":{"0":"post-6135","1":"product","2":"type-product","3":"status-publish","4":"has-post-thumbnail","6":"product_cat-archief","7":"product_shipping_class-groot-pakket","9":"first","10":"outofstock","11":"shipping-taxable","12":"product-type-simple"},"composite_virtual":false,"composite_layout":"","composite_add_to_cart_form_location":"","composite_editable_in_cart":false,"composite_sold_individually_context":"","composite_shop_price_calc":"","composite_components":[],"composite_scenarios":[],"exclude_global_add_ons":[],"addons":[],"acf":[],"yoast_head":null,"yoast_head_json":null,"_links":{"self":[{"href":"https:\/\/www.charmig.nl\/fr\/wp-json\/wp\/v2\/product\/6135","targetHints":{"allow":["GET"]}}],"collection":[{"href":"https:\/\/www.charmig.nl\/fr\/wp-json\/wp\/v2\/product"}],"about":[{"href":"https:\/\/www.charmig.nl\/fr\/wp-json\/wp\/v2\/types\/product"}],"wp:featuredmedia":[{"embeddable":true,"href":"https:\/\/www.charmig.nl\/fr\/wp-json\/wp\/v2\/media\/8142"}],"wp:attachment":[{"href":"https:\/\/www.charmig.nl\/fr\/wp-json\/wp\/v2\/media?parent=6135"}],"wp:term":[{"taxonomy":"product_brand","embeddable":true,"href":"https:\/\/www.charmig.nl\/fr\/wp-json\/wp\/v2\/product_brand?post=6135"},{"taxonomy":"product_cat","embeddable":true,"href":"https:\/\/www.charmig.nl\/fr\/wp-json\/wp\/v2\/product_cat?post=6135"},{"taxonomy":"product_tag","embeddable":true,"href":"https:\/\/www.charmig.nl\/fr\/wp-json\/wp\/v2\/product_tag?post=6135"}],"curies":[{"name":"wp","href":"https:\/\/api.w.org\/{rel}","templated":true}]}}