{"id":6136,"date":"2023-02-20T13:25:06","date_gmt":"2023-02-20T12:25:06","guid":{"rendered":"https:\/\/www.charmig.nl\/product\/eetkamerstoel-niels-otto-moller-model-nr-57-gerestaureerd\/"},"modified":"2026-04-23T09:35:15","modified_gmt":"2026-04-23T07:35:15","slug":"eetkamerstoel-niels-otto-moller-model-nr-57-gerestaureerd","status":"publish","type":"product","link":"https:\/\/www.charmig.nl\/fr\/produit\/archives\/eetkamerstoel-niels-otto-moller-model-nr-57-gerestaureerd\/","title":{"rendered":"Chaise de salle \u00e0 manger | Niels Otto M\u00f8ller | Mod\u00e8le n\u00b0 57 | Restaur\u00e9"},"content":{"rendered":"","protected":false},"excerpt":{"rendered":"Num\u00e9ro d'article : 210645\r\n\r\nMagnifique chaise con\u00e7ue par N.O Moller pour J.L. Mollers Mobelfabrik, en teck. Cette chaise peut \u00eatre utilis\u00e9e par exemple comme chaise de bureau vintage, chaise de salle \u00e0 manger, chaise de chambre \u00e0 coucher, etc. Ce mod\u00e8le peut \u00eatre combin\u00e9 avec les chaises de salle \u00e0 manger Moller mod\u00e8le 77.\r\nLa chaise a \u00e9t\u00e9 enti\u00e8rement restaur\u00e9e ; le cadre a \u00e9t\u00e9 renforc\u00e9 l\u00e0 o\u00f9 c'\u00e9tait n\u00e9cessaire et le si\u00e8ge est \u00e9quip\u00e9 d'un nouveau cordon de papier danois.","protected":false},"featured_media":7293,"template":"","meta":{"_acf_changed":false},"product_brand":[],"product_cat":[103],"product_tag":[],"class_list":{"0":"post-6136","1":"product","2":"type-product","3":"status-publish","4":"has-post-thumbnail","6":"product_cat-archief","7":"product_shipping_class-koerier","9":"first","10":"outofstock","11":"shipping-taxable","12":"product-type-simple"},"composite_virtual":false,"composite_layout":"","composite_add_to_cart_form_location":"","composite_editable_in_cart":false,"composite_sold_individually_context":"","composite_shop_price_calc":"","composite_components":[],"composite_scenarios":[],"exclude_global_add_ons":[],"addons":[],"acf":[],"yoast_head":null,"yoast_head_json":null,"_links":{"self":[{"href":"https:\/\/www.charmig.nl\/fr\/wp-json\/wp\/v2\/product\/6136","targetHints":{"allow":["GET"]}}],"collection":[{"href":"https:\/\/www.charmig.nl\/fr\/wp-json\/wp\/v2\/product"}],"about":[{"href":"https:\/\/www.charmig.nl\/fr\/wp-json\/wp\/v2\/types\/product"}],"wp:featuredmedia":[{"embeddable":true,"href":"https:\/\/www.charmig.nl\/fr\/wp-json\/wp\/v2\/media\/7293"}],"wp:attachment":[{"href":"https:\/\/www.charmig.nl\/fr\/wp-json\/wp\/v2\/media?parent=6136"}],"wp:term":[{"taxonomy":"product_brand","embeddable":true,"href":"https:\/\/www.charmig.nl\/fr\/wp-json\/wp\/v2\/product_brand?post=6136"},{"taxonomy":"product_cat","embeddable":true,"href":"https:\/\/www.charmig.nl\/fr\/wp-json\/wp\/v2\/product_cat?post=6136"},{"taxonomy":"product_tag","embeddable":true,"href":"https:\/\/www.charmig.nl\/fr\/wp-json\/wp\/v2\/product_tag?post=6136"}],"curies":[{"name":"wp","href":"https:\/\/api.w.org\/{rel}","templated":true}]}}