{"id":6148,"date":"2023-02-20T13:25:10","date_gmt":"2023-02-20T12:25:10","guid":{"rendered":"https:\/\/www.charmig.nl\/product\/eetkamerstoelen-niels-otto-moller-model-84-eiken-deens-design-gerestaureerd\/"},"modified":"2026-02-24T09:00:38","modified_gmt":"2026-02-24T08:00:38","slug":"eetkamerstoelen-niels-otto-moller-model-84-eiken-deens-design-gerestaureerd","status":"publish","type":"product","link":"https:\/\/www.charmig.nl\/fr\/produit\/archives\/eetkamerstoelen-niels-otto-moller-model-84-eiken-deens-design-gerestaureerd\/","title":{"rendered":"Chaises de salle \u00e0 manger | Niels Otto M\u00f8ller | Mod\u00e8le 84 | Ch\u00eane | Design danois | Restaur\u00e9"},"content":{"rendered":"","protected":false},"excerpt":{"rendered":"Artikelnummer: 210580\n\nSet van 4 zeer fraaie vintage eetkamerstoelen. Deze stoelen zijn ontworpen door Niels Otto Moller. De stoelen zijn uitgevoerd in gezeept eiken en voorzien van nieuw Deens Papercord.\n\n    Ontwerp periode: 1950 &#8211; 1960\n    Stijl: Mid century modern &#8211; Deens design &#8211; Scandinavisch design\n    Materiaal: Gezeept eiken, Deens papercord\n    Conditie: Gerestaureerd, frames nagekeken, opnieuw gezeept en voorzien van nieuw Deens papercord\n    Ontwerper: Niels Otto Moller\n    Merk: JL Mollers Mobelfabrik","protected":false},"featured_media":7277,"template":"","meta":{"_acf_changed":false},"product_brand":[],"product_cat":[103],"product_tag":[],"class_list":{"0":"post-6148","1":"product","2":"type-product","3":"status-publish","4":"has-post-thumbnail","6":"product_cat-archief","7":"product_shipping_class-koerier","9":"first","10":"outofstock","11":"shipping-taxable","12":"product-type-simple"},"composite_virtual":false,"composite_layout":"","composite_add_to_cart_form_location":"","composite_editable_in_cart":false,"composite_sold_individually_context":"","composite_shop_price_calc":"","composite_components":[],"composite_scenarios":[],"exclude_global_add_ons":[],"addons":[],"acf":[],"yoast_head":null,"yoast_head_json":null,"_links":{"self":[{"href":"https:\/\/www.charmig.nl\/fr\/wp-json\/wp\/v2\/product\/6148","targetHints":{"allow":["GET"]}}],"collection":[{"href":"https:\/\/www.charmig.nl\/fr\/wp-json\/wp\/v2\/product"}],"about":[{"href":"https:\/\/www.charmig.nl\/fr\/wp-json\/wp\/v2\/types\/product"}],"wp:featuredmedia":[{"embeddable":true,"href":"https:\/\/www.charmig.nl\/fr\/wp-json\/wp\/v2\/media\/7277"}],"wp:attachment":[{"href":"https:\/\/www.charmig.nl\/fr\/wp-json\/wp\/v2\/media?parent=6148"}],"wp:term":[{"taxonomy":"product_brand","embeddable":true,"href":"https:\/\/www.charmig.nl\/fr\/wp-json\/wp\/v2\/product_brand?post=6148"},{"taxonomy":"product_cat","embeddable":true,"href":"https:\/\/www.charmig.nl\/fr\/wp-json\/wp\/v2\/product_cat?post=6148"},{"taxonomy":"product_tag","embeddable":true,"href":"https:\/\/www.charmig.nl\/fr\/wp-json\/wp\/v2\/product_tag?post=6148"}],"curies":[{"name":"wp","href":"https:\/\/api.w.org\/{rel}","templated":true}]}}