{"id":6153,"date":"2023-02-20T13:25:15","date_gmt":"2023-02-20T12:25:15","guid":{"rendered":"https:\/\/www.charmig.nl\/?post_type=product&#038;p=6153"},"modified":"2026-04-23T09:35:16","modified_gmt":"2026-04-23T07:35:16","slug":"highboard-bartels-werken-gmbh-teak-1960s","status":"publish","type":"product","link":"https:\/\/www.charmig.nl\/fr\/produit\/archives\/highboard-bartels-werken-gmbh-teak-1960s\/","title":{"rendered":"Highboard | Bartels Werken GmbH | Teck | 1960s"},"content":{"rendered":"","protected":false},"excerpt":{"rendered":"Num\u00e9ro d'article : 210757\n\nFantastique meuble haut de la marque Bartels Werke GmBh. Ce meuble vintage offre un \u00e9norme espace de rangement, gr\u00e2ce aux 3 portes ouvrantes et \u00e0 la petite porte avec 3 tiroirs en dessous. L'armoire est tr\u00e8s \u00e9l\u00e9gante gr\u00e2ce \u00e0 ses finitions ; les beaux pieds et les poign\u00e9es en bois lui donnent un look incroyablement beau.\n\n    P\u00e9riode de cr\u00e9ation : 1950-1960\n    Style : moderne du milieu du si\u00e8cle\n    Mat\u00e9riau : teck\n    Condition : En tr\u00e8s bon \u00e9tat, avec 1 rayure sur la porte la plus \u00e0 gauche. (voir photos)\n    Marque : Bartels Werke GmBh (marqu\u00e9)","protected":false},"featured_media":7224,"template":"","meta":{"_acf_changed":false},"product_brand":[],"product_cat":[103],"product_tag":[],"class_list":{"0":"post-6153","1":"product","2":"type-product","3":"status-publish","4":"has-post-thumbnail","6":"product_cat-archief","7":"product_shipping_class-koerier","9":"first","10":"outofstock","11":"shipping-taxable","12":"product-type-simple"},"composite_virtual":false,"composite_layout":"","composite_add_to_cart_form_location":"","composite_editable_in_cart":false,"composite_sold_individually_context":"","composite_shop_price_calc":"","composite_components":[],"composite_scenarios":[],"exclude_global_add_ons":[],"addons":[],"acf":[],"yoast_head":null,"yoast_head_json":null,"_links":{"self":[{"href":"https:\/\/www.charmig.nl\/fr\/wp-json\/wp\/v2\/product\/6153","targetHints":{"allow":["GET"]}}],"collection":[{"href":"https:\/\/www.charmig.nl\/fr\/wp-json\/wp\/v2\/product"}],"about":[{"href":"https:\/\/www.charmig.nl\/fr\/wp-json\/wp\/v2\/types\/product"}],"wp:featuredmedia":[{"embeddable":true,"href":"https:\/\/www.charmig.nl\/fr\/wp-json\/wp\/v2\/media\/7224"}],"wp:attachment":[{"href":"https:\/\/www.charmig.nl\/fr\/wp-json\/wp\/v2\/media?parent=6153"}],"wp:term":[{"taxonomy":"product_brand","embeddable":true,"href":"https:\/\/www.charmig.nl\/fr\/wp-json\/wp\/v2\/product_brand?post=6153"},{"taxonomy":"product_cat","embeddable":true,"href":"https:\/\/www.charmig.nl\/fr\/wp-json\/wp\/v2\/product_cat?post=6153"},{"taxonomy":"product_tag","embeddable":true,"href":"https:\/\/www.charmig.nl\/fr\/wp-json\/wp\/v2\/product_tag?post=6153"}],"curies":[{"name":"wp","href":"https:\/\/api.w.org\/{rel}","templated":true}]}}