{"id":6190,"date":"2023-02-20T13:25:36","date_gmt":"2023-02-20T12:25:36","guid":{"rendered":"https:\/\/www.charmig.nl\/product\/mimiset-nesting-tables-salin-mobler-1960s\/"},"modified":"2026-02-24T09:00:40","modified_gmt":"2026-02-24T08:00:40","slug":"mimiset-nesting-tables-salin-mobler-1960s","status":"publish","type":"product","link":"https:\/\/www.charmig.nl\/fr\/produit\/archives\/mimiset-nesting-tables-salin-mobler-1960s\/","title":{"rendered":"Mimiset | Tables gigognes | Salin Mobler | 1960s"},"content":{"rendered":"","protected":false},"excerpt":{"rendered":"Num\u00e9ro d'article : 210395\r\n\r\nCe magnifique ensemble mimi en teck se compose de 3 tables. Ce mini ensemble a \u00e9t\u00e9 con\u00e7u par l'entreprise danoise Salin M\u00f8bler dans les ann\u00e9es 1960. Les trois tables ont une forme organique et s'embo\u00eetent parfaitement.\r\n\r\nCet ensemble mimi vintage est de grande qualit\u00e9. Les tables prennent peu de place lorsqu'elles sont pouss\u00e9es l'une contre l'autre et peuvent \u00eatre utilis\u00e9es ensemble ou s\u00e9par\u00e9ment.\r\n\r\nCet ensemble mimi est en tr\u00e8s bon \u00e9tat et ne pr\u00e9sente pratiquement aucun signe d'utilisation.","protected":false},"featured_media":7094,"template":"","meta":{"_acf_changed":false},"product_brand":[],"product_cat":[103],"product_tag":[],"class_list":{"0":"post-6190","1":"product","2":"type-product","3":"status-publish","4":"has-post-thumbnail","6":"product_cat-archief","7":"product_shipping_class-groot-pakket","9":"first","10":"outofstock","11":"shipping-taxable","12":"product-type-simple"},"composite_virtual":false,"composite_layout":"","composite_add_to_cart_form_location":"","composite_editable_in_cart":false,"composite_sold_individually_context":"","composite_shop_price_calc":"","composite_components":[],"composite_scenarios":[],"exclude_global_add_ons":[],"addons":[],"acf":[],"yoast_head":null,"yoast_head_json":null,"_links":{"self":[{"href":"https:\/\/www.charmig.nl\/fr\/wp-json\/wp\/v2\/product\/6190","targetHints":{"allow":["GET"]}}],"collection":[{"href":"https:\/\/www.charmig.nl\/fr\/wp-json\/wp\/v2\/product"}],"about":[{"href":"https:\/\/www.charmig.nl\/fr\/wp-json\/wp\/v2\/types\/product"}],"wp:featuredmedia":[{"embeddable":true,"href":"https:\/\/www.charmig.nl\/fr\/wp-json\/wp\/v2\/media\/7094"}],"wp:attachment":[{"href":"https:\/\/www.charmig.nl\/fr\/wp-json\/wp\/v2\/media?parent=6190"}],"wp:term":[{"taxonomy":"product_brand","embeddable":true,"href":"https:\/\/www.charmig.nl\/fr\/wp-json\/wp\/v2\/product_brand?post=6190"},{"taxonomy":"product_cat","embeddable":true,"href":"https:\/\/www.charmig.nl\/fr\/wp-json\/wp\/v2\/product_cat?post=6190"},{"taxonomy":"product_tag","embeddable":true,"href":"https:\/\/www.charmig.nl\/fr\/wp-json\/wp\/v2\/product_tag?post=6190"}],"curies":[{"name":"wp","href":"https:\/\/api.w.org\/{rel}","templated":true}]}}