{"id":6204,"date":"2023-02-20T13:25:46","date_gmt":"2023-02-20T12:25:46","guid":{"rendered":"https:\/\/www.charmig.nl\/product\/salontafel-deens-design-sven-ellekaer-teak-1960s\/"},"modified":"2026-02-24T09:00:40","modified_gmt":"2026-02-24T08:00:40","slug":"salontafel-deens-design-sven-ellekaer-teak-1960s","status":"publish","type":"product","link":"https:\/\/www.charmig.nl\/fr\/produit\/archives\/salontafel-deens-design-sven-ellekaer-teak-1960s\/","title":{"rendered":"Table basse | Design danois | Sven Ellekaer | Teck | 1960s"},"content":{"rendered":"","protected":false},"excerpt":{"rendered":"Num\u00e9ro d'article : 210700\n\nFantastique table basse ! Cette table basse vintage a \u00e9t\u00e9 con\u00e7ue par Sven Elekaer pour Christian Linneberg Mobelfabrik au Danemark dans les ann\u00e9es 1960. Les courbes de la base en teck et le verre tr\u00e8s \u00e9pais permettent de reconna\u00eetre imm\u00e9diatement la haute qualit\u00e9 de ce meuble. La table est num\u00e9rot\u00e9e.\n\n    P\u00e9riode de cr\u00e9ation : 1960\n    Style : Design danois, design scandinave, moderne du milieu du si\u00e8cle\n    Mat\u00e9riau : Teck, verre\n    \u00c9tat : tr\u00e8s bon, le plateau en verre \u00e9pais n'a pas d'\u00e9clats ni de dommages.\n    Designer : Sven Ellekaer\n    Fabricant : Christian Linneberg Mobelfabrik","protected":false},"featured_media":7056,"template":"","meta":{"_acf_changed":false},"product_brand":[],"product_cat":[103],"product_tag":[],"class_list":{"0":"post-6204","1":"product","2":"type-product","3":"status-publish","4":"has-post-thumbnail","6":"product_cat-archief","7":"product_shipping_class-koerier","9":"first","10":"outofstock","11":"shipping-taxable","12":"product-type-simple"},"composite_virtual":false,"composite_layout":"","composite_add_to_cart_form_location":"","composite_editable_in_cart":false,"composite_sold_individually_context":"","composite_shop_price_calc":"","composite_components":[],"composite_scenarios":[],"exclude_global_add_ons":[],"addons":[],"acf":[],"yoast_head":null,"yoast_head_json":null,"_links":{"self":[{"href":"https:\/\/www.charmig.nl\/fr\/wp-json\/wp\/v2\/product\/6204","targetHints":{"allow":["GET"]}}],"collection":[{"href":"https:\/\/www.charmig.nl\/fr\/wp-json\/wp\/v2\/product"}],"about":[{"href":"https:\/\/www.charmig.nl\/fr\/wp-json\/wp\/v2\/types\/product"}],"wp:featuredmedia":[{"embeddable":true,"href":"https:\/\/www.charmig.nl\/fr\/wp-json\/wp\/v2\/media\/7056"}],"wp:attachment":[{"href":"https:\/\/www.charmig.nl\/fr\/wp-json\/wp\/v2\/media?parent=6204"}],"wp:term":[{"taxonomy":"product_brand","embeddable":true,"href":"https:\/\/www.charmig.nl\/fr\/wp-json\/wp\/v2\/product_brand?post=6204"},{"taxonomy":"product_cat","embeddable":true,"href":"https:\/\/www.charmig.nl\/fr\/wp-json\/wp\/v2\/product_cat?post=6204"},{"taxonomy":"product_tag","embeddable":true,"href":"https:\/\/www.charmig.nl\/fr\/wp-json\/wp\/v2\/product_tag?post=6204"}],"curies":[{"name":"wp","href":"https:\/\/api.w.org\/{rel}","templated":true}]}}