{"id":6215,"date":"2023-02-20T13:25:51","date_gmt":"2023-02-20T12:25:51","guid":{"rendered":"https:\/\/www.charmig.nl\/product\/set-van-4-hanglampen-raak-amsterdam-maxi-globe-1970s\/"},"modified":"2026-04-23T09:35:19","modified_gmt":"2026-04-23T07:35:19","slug":"set-van-4-hanglampen-raak-amsterdam-maxi-globe-1970s","status":"publish","type":"product","link":"https:\/\/www.charmig.nl\/fr\/produit\/accessoires-de-maison\/lampes\/lampes-suspendues\/set-van-4-hanglampen-raak-amsterdam-maxi-globe-1970s\/","title":{"rendered":"Lampe suspendue | Raak Amsterdam | Maxi Globe | 1970 | Chaque"},"content":{"rendered":"","protected":false},"excerpt":{"rendered":"Num\u00e9ro d'article : 210400\r\n\r\nEnsemble de 4 lampes suspendues hollandaises au design vintage. Les lampes ont \u00e9t\u00e9 fabriqu\u00e9es par Raak Amsterdam dans les ann\u00e9es 1960\/70. Le mod\u00e8le rappelle fortement une grosse ampoule, d'o\u00f9 le nom Maxi Globe. L'ext\u00e9rieur est en verre gris fum\u00e9 clair et l'int\u00e9rieur en m\u00e9tal couleur laiton.\r\n\r\nLes ampoules ont un culot E27.\r\n\r\n    P\u00e9riode de cr\u00e9ation : d\u00e9but des ann\u00e9es 1970\r\n    Style : design hollandais, moderne du milieu du si\u00e8cle\r\n    Mat\u00e9riau : verre, laiton\r\n    \u00c9tat : tr\u00e8s bon \u00e9tat vintage, avec un nouveau c\u00e2blage. La couleur du laiton diff\u00e8re l\u00e9g\u00e8rement d'une lampe \u00e0 l'autre.\r\n\r\nDimensions de la lampe :\r\nDiam\u00e8tre : 25 cm\r\nHauteur : 35 cm\r\nLongueur du cordon : 120 cm, facile \u00e0 raccourcir \u00e0 la longueur de votre choix\r\n\r\nLe prix est pour le set de 4.","protected":false},"featured_media":7024,"template":"","meta":{"_acf_changed":false},"product_brand":[],"product_cat":[111],"product_tag":[],"class_list":{"0":"post-6215","1":"product","2":"type-product","3":"status-publish","4":"has-post-thumbnail","6":"product_cat-hanglampen","7":"product_shipping_class-koerier","9":"first","10":"instock","11":"shipping-taxable","12":"purchasable","13":"product-type-simple"},"composite_virtual":false,"composite_layout":"","composite_add_to_cart_form_location":"","composite_editable_in_cart":false,"composite_sold_individually_context":"","composite_shop_price_calc":"","composite_components":[],"composite_scenarios":[],"exclude_global_add_ons":[],"addons":[],"acf":[],"yoast_head":null,"yoast_head_json":null,"_links":{"self":[{"href":"https:\/\/www.charmig.nl\/fr\/wp-json\/wp\/v2\/product\/6215","targetHints":{"allow":["GET"]}}],"collection":[{"href":"https:\/\/www.charmig.nl\/fr\/wp-json\/wp\/v2\/product"}],"about":[{"href":"https:\/\/www.charmig.nl\/fr\/wp-json\/wp\/v2\/types\/product"}],"wp:featuredmedia":[{"embeddable":true,"href":"https:\/\/www.charmig.nl\/fr\/wp-json\/wp\/v2\/media\/7024"}],"wp:attachment":[{"href":"https:\/\/www.charmig.nl\/fr\/wp-json\/wp\/v2\/media?parent=6215"}],"wp:term":[{"taxonomy":"product_brand","embeddable":true,"href":"https:\/\/www.charmig.nl\/fr\/wp-json\/wp\/v2\/product_brand?post=6215"},{"taxonomy":"product_cat","embeddable":true,"href":"https:\/\/www.charmig.nl\/fr\/wp-json\/wp\/v2\/product_cat?post=6215"},{"taxonomy":"product_tag","embeddable":true,"href":"https:\/\/www.charmig.nl\/fr\/wp-json\/wp\/v2\/product_tag?post=6215"}],"curies":[{"name":"wp","href":"https:\/\/api.w.org\/{rel}","templated":true}]}}