{"id":6223,"date":"2023-02-20T13:25:56","date_gmt":"2023-02-20T12:25:56","guid":{"rendered":"https:\/\/www.charmig.nl\/product\/tafellamp-mushroom-model-metalen-voet\/"},"modified":"2026-04-23T09:35:19","modified_gmt":"2026-04-23T07:35:19","slug":"tafellamp-mushroom-model-metalen-voet","status":"publish","type":"product","link":"https:\/\/www.charmig.nl\/fr\/produit\/archives\/tafellamp-mushroom-model-metalen-voet\/","title":{"rendered":"Lampe \u00e0 poser | Mod\u00e8le champignon | Base en m\u00e9tal"},"content":{"rendered":"","protected":false},"excerpt":{"rendered":"Artikelnummer: 210113\n\nMooie, klassieke tafellamp welke niet misstaat op bijvoorbeeld een vintage dressoir of bureau. De lamp heeft een cremekleurige kap en een metalen voet.\n\n    Ontwerp periode: 1960s &#8211; 1970s\n    Stijl: Mid-century modern\n    Materiaal: Metaal, kunstof\n    Conditie: goede vintage staat, originele bedrading werkt","protected":false},"featured_media":6999,"template":"","meta":{"_acf_changed":false},"product_brand":[],"product_cat":[103],"product_tag":[],"class_list":{"0":"post-6223","1":"product","2":"type-product","3":"status-publish","4":"has-post-thumbnail","6":"product_cat-archief","7":"product_shipping_class-groot-pakket","9":"first","10":"outofstock","11":"shipping-taxable","12":"product-type-simple"},"composite_virtual":false,"composite_layout":"","composite_add_to_cart_form_location":"","composite_editable_in_cart":false,"composite_sold_individually_context":"","composite_shop_price_calc":"","composite_components":[],"composite_scenarios":[],"exclude_global_add_ons":[],"addons":[],"acf":[],"yoast_head":null,"yoast_head_json":null,"_links":{"self":[{"href":"https:\/\/www.charmig.nl\/fr\/wp-json\/wp\/v2\/product\/6223","targetHints":{"allow":["GET"]}}],"collection":[{"href":"https:\/\/www.charmig.nl\/fr\/wp-json\/wp\/v2\/product"}],"about":[{"href":"https:\/\/www.charmig.nl\/fr\/wp-json\/wp\/v2\/types\/product"}],"wp:featuredmedia":[{"embeddable":true,"href":"https:\/\/www.charmig.nl\/fr\/wp-json\/wp\/v2\/media\/6999"}],"wp:attachment":[{"href":"https:\/\/www.charmig.nl\/fr\/wp-json\/wp\/v2\/media?parent=6223"}],"wp:term":[{"taxonomy":"product_brand","embeddable":true,"href":"https:\/\/www.charmig.nl\/fr\/wp-json\/wp\/v2\/product_brand?post=6223"},{"taxonomy":"product_cat","embeddable":true,"href":"https:\/\/www.charmig.nl\/fr\/wp-json\/wp\/v2\/product_cat?post=6223"},{"taxonomy":"product_tag","embeddable":true,"href":"https:\/\/www.charmig.nl\/fr\/wp-json\/wp\/v2\/product_tag?post=6223"}],"curies":[{"name":"wp","href":"https:\/\/api.w.org\/{rel}","templated":true}]}}