{"id":6227,"date":"2023-02-20T13:25:58","date_gmt":"2023-02-20T12:25:58","guid":{"rendered":"https:\/\/www.charmig.nl\/product\/vintage-boekenplank-wandplank-walter-wirz-voor-wilhem-renz-150-cm\/"},"modified":"2026-04-23T09:35:20","modified_gmt":"2026-04-23T07:35:20","slug":"vintage-boekenplank-in-palissander-wandplank-walter-wirz-voor-wilhem-renz-240-cm","status":"publish","type":"product","link":"https:\/\/www.charmig.nl\/fr\/product\/archief\/vintage-boekenplank-in-palissander-wandplank-walter-wirz-voor-wilhem-renz-240-cm\/","title":{"rendered":"Biblioth\u00e8que vintage en bois de rose | \u00e9tag\u00e8re murale | Walter Wirz pour Wilhem Renz | 240 cm"},"content":{"rendered":"","protected":false},"excerpt":{"rendered":"Tr\u00e8s belle et \u00e9l\u00e9gante \u00e9tag\u00e8re murale, rarement vue dans cette taille et cette finition.  Le profil en U \u00e9l\u00e9gant a \u00e9t\u00e9 con\u00e7u par Walter Wirz pour Wilhelm Renz. Cette version, ex\u00e9cut\u00e9e en palissandre, est tr\u00e8s rare. L'\u00e9tag\u00e8re murale pr\u00e9sente de belles marques dans le bois chaud. Gr\u00e2ce \u00e0 la fixation, l'\u00e9tag\u00e8re est presque 'flottante' sur le mur.\r\n\r\nL'\u00e9tat de cette \u00e9tag\u00e8re vintage est tr\u00e8s bon.\r\n\r\nDimensions de l'\u00e9tag\u00e8re :\r\nLargeur : 240 cm\r\nHauteur : 26 cm\r\nProfondeur : 20 cm\r\n\r\nNum\u00e9ro d'article : 210317","protected":false},"featured_media":21588,"template":"","meta":{"_acf_changed":false},"product_brand":[],"product_cat":[103],"product_tag":[],"class_list":{"0":"post-6227","1":"product","2":"type-product","3":"status-publish","4":"has-post-thumbnail","6":"product_cat-archief","7":"product_shipping_class-klein-pakket","9":"first","10":"outofstock","11":"shipping-taxable","12":"purchasable","13":"product-type-simple"},"composite_virtual":false,"composite_layout":"","composite_add_to_cart_form_location":"","composite_editable_in_cart":false,"composite_sold_individually_context":"","composite_shop_price_calc":"","composite_components":[],"composite_scenarios":[],"exclude_global_add_ons":[],"addons":[],"acf":[],"yoast_head":null,"yoast_head_json":null,"_links":{"self":[{"href":"https:\/\/www.charmig.nl\/fr\/wp-json\/wp\/v2\/product\/6227","targetHints":{"allow":["GET"]}}],"collection":[{"href":"https:\/\/www.charmig.nl\/fr\/wp-json\/wp\/v2\/product"}],"about":[{"href":"https:\/\/www.charmig.nl\/fr\/wp-json\/wp\/v2\/types\/product"}],"wp:featuredmedia":[{"embeddable":true,"href":"https:\/\/www.charmig.nl\/fr\/wp-json\/wp\/v2\/media\/21588"}],"wp:attachment":[{"href":"https:\/\/www.charmig.nl\/fr\/wp-json\/wp\/v2\/media?parent=6227"}],"wp:term":[{"taxonomy":"product_brand","embeddable":true,"href":"https:\/\/www.charmig.nl\/fr\/wp-json\/wp\/v2\/product_brand?post=6227"},{"taxonomy":"product_cat","embeddable":true,"href":"https:\/\/www.charmig.nl\/fr\/wp-json\/wp\/v2\/product_cat?post=6227"},{"taxonomy":"product_tag","embeddable":true,"href":"https:\/\/www.charmig.nl\/fr\/wp-json\/wp\/v2\/product_tag?post=6227"}],"curies":[{"name":"wp","href":"https:\/\/api.w.org\/{rel}","templated":true}]}}