{"id":6232,"date":"2023-02-20T13:26:04","date_gmt":"2023-02-20T12:26:04","guid":{"rendered":"https:\/\/www.charmig.nl\/?post_type=product&#038;p=6232"},"modified":"2026-02-24T09:00:43","modified_gmt":"2026-02-24T08:00:43","slug":"vintage-eettafel-uitschuifbaar-1960s","status":"publish","type":"product","link":"https:\/\/www.charmig.nl\/fr\/produit\/archives\/vintage-eettafel-uitschuifbaar-1960s\/","title":{"rendered":"Table de salle \u00e0 manger vintage | extensible | 1960s"},"content":{"rendered":"","protected":false},"excerpt":{"rendered":"Num\u00e9ro d'article : 210408\r\n\r\nCette table de salle \u00e0 manger multifonctionnelle est extr\u00eamement pratique si vous ne vivez pas tr\u00e8s grand, mais que vous souhaitez avoir suffisamment d'espace \u00e0 table lorsque vous recevez des invit\u00e9s ! La table peut \u00eatre rallong\u00e9e en 2 parties, qui peuvent \u00eatre gliss\u00e9es sous le plateau normal apr\u00e8s la rallonge. C'est la solution id\u00e9ale !\r\n\r\nP\u00e9riode de conception : 1950-1960\r\nStyle : Mid century modern, scandinavian design\r\nCondition : En bon \u00e9tat, les rallonges sont l\u00e9g\u00e8rement d\u00e9color\u00e9es par rapport au plateau.\r\nPays d'origine : Danemark\r\n\r\nLes dimensions\r\nLargeur : 140 cm\r\nLargeur \u00e9tendue : 240 cm\r\nProfondeur : 90 cm\r\nHauteur : 74 cm","protected":false},"featured_media":7557,"template":"","meta":{"_acf_changed":false},"product_brand":[],"product_cat":[103],"product_tag":[],"class_list":{"0":"post-6232","1":"product","2":"type-product","3":"status-publish","4":"has-post-thumbnail","6":"product_cat-archief","7":"product_shipping_class-koerier","9":"first","10":"outofstock","11":"shipping-taxable","12":"product-type-simple"},"composite_virtual":false,"composite_layout":"","composite_add_to_cart_form_location":"","composite_editable_in_cart":false,"composite_sold_individually_context":"","composite_shop_price_calc":"","composite_components":[],"composite_scenarios":[],"exclude_global_add_ons":[],"addons":[],"acf":[],"yoast_head":null,"yoast_head_json":null,"_links":{"self":[{"href":"https:\/\/www.charmig.nl\/fr\/wp-json\/wp\/v2\/product\/6232","targetHints":{"allow":["GET"]}}],"collection":[{"href":"https:\/\/www.charmig.nl\/fr\/wp-json\/wp\/v2\/product"}],"about":[{"href":"https:\/\/www.charmig.nl\/fr\/wp-json\/wp\/v2\/types\/product"}],"wp:featuredmedia":[{"embeddable":true,"href":"https:\/\/www.charmig.nl\/fr\/wp-json\/wp\/v2\/media\/7557"}],"wp:attachment":[{"href":"https:\/\/www.charmig.nl\/fr\/wp-json\/wp\/v2\/media?parent=6232"}],"wp:term":[{"taxonomy":"product_brand","embeddable":true,"href":"https:\/\/www.charmig.nl\/fr\/wp-json\/wp\/v2\/product_brand?post=6232"},{"taxonomy":"product_cat","embeddable":true,"href":"https:\/\/www.charmig.nl\/fr\/wp-json\/wp\/v2\/product_cat?post=6232"},{"taxonomy":"product_tag","embeddable":true,"href":"https:\/\/www.charmig.nl\/fr\/wp-json\/wp\/v2\/product_tag?post=6232"}],"curies":[{"name":"wp","href":"https:\/\/api.w.org\/{rel}","templated":true}]}}