{"id":6241,"date":"2023-02-20T13:26:10","date_gmt":"2023-02-20T12:26:10","guid":{"rendered":"https:\/\/www.charmig.nl\/product\/vintage-mimiset-rex-raab-wilhelm-renz-nestingtables\/"},"modified":"2026-02-24T09:00:43","modified_gmt":"2026-02-24T08:00:43","slug":"vintage-mimiset-rex-raab-wilhelm-renz-nestingtables","status":"publish","type":"product","link":"https:\/\/www.charmig.nl\/fr\/produit\/archives\/vintage-mimiset-rex-raab-wilhelm-renz-nestingtables\/","title":{"rendered":"Vintage mimiset | Rex Raab | Wilhelm Renz | Nestingtables"},"content":{"rendered":"","protected":false},"excerpt":{"rendered":"Magnifiques tables gigognes aux formes stylis\u00e9es. Ce mini ensemble se compose de 3 tables. L'ensemble a \u00e9t\u00e9 con\u00e7u par Rex Raab pour Wilhelm Renz dans les ann\u00e9es 1960. Les tables ont des pieds et des bords joliment dessin\u00e9s et sont plaqu\u00e9es en bois de cerisier. L'ensemble est marqu\u00e9 d'un autocollant Wilhelm Renz. Les tables peuvent \u00e9galement \u00eatre utilis\u00e9es s\u00e9par\u00e9ment.\r\n\r\nEn tr\u00e8s bon \u00e9tat, elles ne pr\u00e9sentent que quelques traces d'utilisation.\r\n\r\nDimensions (la plus grande table) :\r\nLargeur : 64 cm\r\nHauteur : 52,5 cm\r\nProfondeur : 38 cm","protected":false},"featured_media":8193,"template":"","meta":{"_acf_changed":false},"product_brand":[],"product_cat":[103],"product_tag":[],"class_list":{"0":"post-6241","1":"product","2":"type-product","3":"status-publish","4":"has-post-thumbnail","6":"product_cat-archief","8":"first","9":"outofstock","10":"shipping-taxable","11":"product-type-simple"},"composite_virtual":false,"composite_layout":"","composite_add_to_cart_form_location":"","composite_editable_in_cart":false,"composite_sold_individually_context":"","composite_shop_price_calc":"","composite_components":[],"composite_scenarios":[],"exclude_global_add_ons":[],"addons":[],"acf":[],"yoast_head":null,"yoast_head_json":null,"_links":{"self":[{"href":"https:\/\/www.charmig.nl\/fr\/wp-json\/wp\/v2\/product\/6241","targetHints":{"allow":["GET"]}}],"collection":[{"href":"https:\/\/www.charmig.nl\/fr\/wp-json\/wp\/v2\/product"}],"about":[{"href":"https:\/\/www.charmig.nl\/fr\/wp-json\/wp\/v2\/types\/product"}],"wp:featuredmedia":[{"embeddable":true,"href":"https:\/\/www.charmig.nl\/fr\/wp-json\/wp\/v2\/media\/8193"}],"wp:attachment":[{"href":"https:\/\/www.charmig.nl\/fr\/wp-json\/wp\/v2\/media?parent=6241"}],"wp:term":[{"taxonomy":"product_brand","embeddable":true,"href":"https:\/\/www.charmig.nl\/fr\/wp-json\/wp\/v2\/product_brand?post=6241"},{"taxonomy":"product_cat","embeddable":true,"href":"https:\/\/www.charmig.nl\/fr\/wp-json\/wp\/v2\/product_cat?post=6241"},{"taxonomy":"product_tag","embeddable":true,"href":"https:\/\/www.charmig.nl\/fr\/wp-json\/wp\/v2\/product_tag?post=6241"}],"curies":[{"name":"wp","href":"https:\/\/api.w.org\/{rel}","templated":true}]}}