{"id":6249,"date":"2023-02-20T13:26:13","date_gmt":"2023-02-20T12:26:13","guid":{"rendered":"https:\/\/www.charmig.nl\/product\/vintage-sideboard-bartels-werke-gmbh-walnoot-messing-greepjes\/"},"modified":"2026-02-24T09:00:44","modified_gmt":"2026-02-24T08:00:44","slug":"vintage-sideboard-bartels-werke-gmbh-walnoot-messing-greepjes","status":"publish","type":"product","link":"https:\/\/www.charmig.nl\/fr\/produit\/archives\/vintage-sideboard-bartels-werke-gmbh-walnoot-messing-greepjes\/","title":{"rendered":"Buffet vintage | Bartels Werke Gmbh | Noyer | Poign\u00e9es en laiton"},"content":{"rendered":"","protected":false},"excerpt":{"rendered":"Magnifique buffet vintage avec beaucoup d'espace de rangement. Ce buffet est l\u00e9g\u00e8rement plus profond que la moyenne, ce qui permet de ranger beaucoup de choses. Le buffet est en bois de noyer, dans une belle couleur chaude. Les 5 tiroirs ont des poign\u00e9es en laiton et les 3 portes peuvent \u00eatre ferm\u00e9es \u00e0 l'aide des cl\u00e9s d'origine.\r\n\r\nCe buffet est en excellent \u00e9tat, les tiroirs coulissent tr\u00e8s bien (le compartiment \u00e0 couverts dans un tiroir peut \u00eatre facilement enlev\u00e9 si n\u00e9cessaire).\r\n\r\nDimensions du buffet :\r\nLargeur : 220 cm\r\nHauteur : 83 cm\r\nProfondeur : 52 cm","protected":false},"featured_media":8191,"template":"","meta":{"_acf_changed":false},"product_brand":[],"product_cat":[103],"product_tag":[],"class_list":{"0":"post-6249","1":"product","2":"type-product","3":"status-publish","4":"has-post-thumbnail","6":"product_cat-archief","8":"first","9":"outofstock","10":"shipping-taxable","11":"product-type-simple"},"composite_virtual":false,"composite_layout":"","composite_add_to_cart_form_location":"","composite_editable_in_cart":false,"composite_sold_individually_context":"","composite_shop_price_calc":"","composite_components":[],"composite_scenarios":[],"exclude_global_add_ons":[],"addons":[],"acf":[],"yoast_head":null,"yoast_head_json":null,"_links":{"self":[{"href":"https:\/\/www.charmig.nl\/fr\/wp-json\/wp\/v2\/product\/6249","targetHints":{"allow":["GET"]}}],"collection":[{"href":"https:\/\/www.charmig.nl\/fr\/wp-json\/wp\/v2\/product"}],"about":[{"href":"https:\/\/www.charmig.nl\/fr\/wp-json\/wp\/v2\/types\/product"}],"wp:featuredmedia":[{"embeddable":true,"href":"https:\/\/www.charmig.nl\/fr\/wp-json\/wp\/v2\/media\/8191"}],"wp:attachment":[{"href":"https:\/\/www.charmig.nl\/fr\/wp-json\/wp\/v2\/media?parent=6249"}],"wp:term":[{"taxonomy":"product_brand","embeddable":true,"href":"https:\/\/www.charmig.nl\/fr\/wp-json\/wp\/v2\/product_brand?post=6249"},{"taxonomy":"product_cat","embeddable":true,"href":"https:\/\/www.charmig.nl\/fr\/wp-json\/wp\/v2\/product_cat?post=6249"},{"taxonomy":"product_tag","embeddable":true,"href":"https:\/\/www.charmig.nl\/fr\/wp-json\/wp\/v2\/product_tag?post=6249"}],"curies":[{"name":"wp","href":"https:\/\/api.w.org\/{rel}","templated":true}]}}