{"id":6265,"date":"2023-02-20T13:26:22","date_gmt":"2023-02-20T12:26:22","guid":{"rendered":"https:\/\/www.charmig.nl\/product\/wilhelm-renz-teak-bureau-jaren-60\/"},"modified":"2026-02-24T09:00:46","modified_gmt":"2026-02-24T08:00:46","slug":"wilhelm-renz-teak-bureau-jaren-60","status":"publish","type":"product","link":"https:\/\/www.charmig.nl\/fr\/produit\/archives\/wilhelm-renz-teak-bureau-jaren-60\/","title":{"rendered":"Wilhelm Renz | Bureau en teck | ann\u00e9es 1960"},"content":{"rendered":"","protected":false},"excerpt":{"rendered":"Magnifique bureau con\u00e7u par Wilhelm Renz au milieu du si\u00e8cle dernier. Le bureau est en tr\u00e8s bon \u00e9tat et le design est magnifique ! Le bureau a trois tiroirs et une armoire avec un syst\u00e8me d'extraction pour ranger des objets.\r\n\r\nDimensions du bureau :\r\nLargeur : 150 cm\r\nProfondeur : 76 cm\r\nHauteur : 73 cm","protected":false},"featured_media":8125,"template":"","meta":{"_acf_changed":false},"product_brand":[],"product_cat":[103],"product_tag":[],"class_list":{"0":"post-6265","1":"product","2":"type-product","3":"status-publish","4":"has-post-thumbnail","6":"product_cat-archief","8":"first","9":"outofstock","10":"shipping-taxable","11":"product-type-simple"},"composite_virtual":false,"composite_layout":"","composite_add_to_cart_form_location":"","composite_editable_in_cart":false,"composite_sold_individually_context":"","composite_shop_price_calc":"","composite_components":[],"composite_scenarios":[],"exclude_global_add_ons":[],"addons":[],"acf":[],"yoast_head":null,"yoast_head_json":null,"_links":{"self":[{"href":"https:\/\/www.charmig.nl\/fr\/wp-json\/wp\/v2\/product\/6265","targetHints":{"allow":["GET"]}}],"collection":[{"href":"https:\/\/www.charmig.nl\/fr\/wp-json\/wp\/v2\/product"}],"about":[{"href":"https:\/\/www.charmig.nl\/fr\/wp-json\/wp\/v2\/types\/product"}],"wp:featuredmedia":[{"embeddable":true,"href":"https:\/\/www.charmig.nl\/fr\/wp-json\/wp\/v2\/media\/8125"}],"wp:attachment":[{"href":"https:\/\/www.charmig.nl\/fr\/wp-json\/wp\/v2\/media?parent=6265"}],"wp:term":[{"taxonomy":"product_brand","embeddable":true,"href":"https:\/\/www.charmig.nl\/fr\/wp-json\/wp\/v2\/product_brand?post=6265"},{"taxonomy":"product_cat","embeddable":true,"href":"https:\/\/www.charmig.nl\/fr\/wp-json\/wp\/v2\/product_cat?post=6265"},{"taxonomy":"product_tag","embeddable":true,"href":"https:\/\/www.charmig.nl\/fr\/wp-json\/wp\/v2\/product_tag?post=6265"}],"curies":[{"name":"wp","href":"https:\/\/api.w.org\/{rel}","templated":true}]}}