{"id":6270,"date":"2023-02-20T13:33:24","date_gmt":"2023-02-20T12:33:24","guid":{"rendered":"https:\/\/www.charmig.nl\/product\/ottoman-niels-otto-moller-model-80a-palissander-nieuw-deens-papercord\/"},"modified":"2026-02-24T09:00:46","modified_gmt":"2026-02-24T08:00:46","slug":"ottoman-niels-otto-moller-model-80a-palissander-nieuw-deens-papercord","status":"publish","type":"product","link":"https:\/\/www.charmig.nl\/fr\/produit\/archives\/ottoman-niels-otto-moller-model-80a-palissander-nieuw-deens-papercord\/","title":{"rendered":"Ottoman| Niels Otto Moller | Mod\u00e8le 80A | Bois de rose | Nouveau cordon danois"},"content":{"rendered":"","protected":false},"excerpt":{"rendered":"Tr\u00e8s beau et rare pouf, mod\u00e8le 80A con\u00e7u par Niels O. Moller et produit par J.L. Moller Mobelfabrik au Danemark en 1951. Ce magnifique ottoman scandinave est fini en bois de rose et comporte un nouveau cordon danois.\r\n\r\nIl est en tr\u00e8s bon \u00e9tat, avec de l\u00e9g\u00e8res marques correspondant \u00e0 l'\u00e2ge de l'objet.","protected":false},"featured_media":6833,"template":"","meta":{"_acf_changed":false},"product_brand":[],"product_cat":[103],"product_tag":[],"class_list":{"0":"post-6270","1":"product","2":"type-product","3":"status-publish","4":"has-post-thumbnail","6":"product_cat-archief","8":"first","9":"outofstock","10":"shipping-taxable","11":"product-type-simple"},"composite_virtual":false,"composite_layout":"","composite_add_to_cart_form_location":"","composite_editable_in_cart":false,"composite_sold_individually_context":"","composite_shop_price_calc":"","composite_components":[],"composite_scenarios":[],"exclude_global_add_ons":[],"addons":[],"acf":[],"yoast_head":null,"yoast_head_json":null,"_links":{"self":[{"href":"https:\/\/www.charmig.nl\/fr\/wp-json\/wp\/v2\/product\/6270","targetHints":{"allow":["GET"]}}],"collection":[{"href":"https:\/\/www.charmig.nl\/fr\/wp-json\/wp\/v2\/product"}],"about":[{"href":"https:\/\/www.charmig.nl\/fr\/wp-json\/wp\/v2\/types\/product"}],"wp:featuredmedia":[{"embeddable":true,"href":"https:\/\/www.charmig.nl\/fr\/wp-json\/wp\/v2\/media\/6833"}],"wp:attachment":[{"href":"https:\/\/www.charmig.nl\/fr\/wp-json\/wp\/v2\/media?parent=6270"}],"wp:term":[{"taxonomy":"product_brand","embeddable":true,"href":"https:\/\/www.charmig.nl\/fr\/wp-json\/wp\/v2\/product_brand?post=6270"},{"taxonomy":"product_cat","embeddable":true,"href":"https:\/\/www.charmig.nl\/fr\/wp-json\/wp\/v2\/product_cat?post=6270"},{"taxonomy":"product_tag","embeddable":true,"href":"https:\/\/www.charmig.nl\/fr\/wp-json\/wp\/v2\/product_tag?post=6270"}],"curies":[{"name":"wp","href":"https:\/\/api.w.org\/{rel}","templated":true}]}}