{"id":7503,"date":"2023-03-22T19:44:36","date_gmt":"2023-03-22T18:44:36","guid":{"rendered":"https:\/\/www.charmig.nl\/?post_type=product&#038;p=7503"},"modified":"2026-02-24T09:00:46","modified_gmt":"2026-02-24T08:00:46","slug":"vintage-dressoir-scandinavisch-design-vintage-kast-248-cm","status":"publish","type":"product","link":"https:\/\/www.charmig.nl\/fr\/produit\/archives\/vintage-dressoir-scandinavisch-design-vintage-kast-248-cm\/","title":{"rendered":"Buffet vintage | Design scandinave | Armoire vintage | 248 cm"},"content":{"rendered":"","protected":false},"excerpt":{"rendered":"Buffet vintage d\u00e9mentiel ! Ce meuble se distingue imm\u00e9diatement par son design \u00e9pur\u00e9 et sa couleur blonde claire. Il offre un espace de rangement super pratique sans pour autant para\u00eetre colossal. Un v\u00e9ritable accroche-regard dans n'importe quel int\u00e9rieur !\r\n\r\n    P\u00e9riode de cr\u00e9ation : 1950-1960\r\n    Style : moderne du milieu du si\u00e8cle\r\n    Mat\u00e9riau : poirier\r\n    \u00c9tat : En tr\u00e8s bon \u00e9tat\r\n    Cr\u00e9ateur : inconnu\r\n\r\nLes dimensions\r\nLargeur : 248 cm\r\nProfondeur : 43 cm\r\nHauteur : 80 cm","protected":false},"featured_media":7504,"template":"","meta":{"_acf_changed":false},"product_brand":[],"product_cat":[103],"product_tag":[],"class_list":{"0":"post-7503","1":"product","2":"type-product","3":"status-publish","4":"has-post-thumbnail","6":"product_cat-archief","7":"product_shipping_class-koerier","9":"first","10":"outofstock","11":"shipping-taxable","12":"product-type-simple"},"composite_virtual":false,"composite_layout":"","composite_add_to_cart_form_location":"","composite_editable_in_cart":false,"composite_sold_individually_context":"","composite_shop_price_calc":"","composite_components":[],"composite_scenarios":[],"exclude_global_add_ons":[],"addons":[],"acf":[],"yoast_head":null,"yoast_head_json":null,"_links":{"self":[{"href":"https:\/\/www.charmig.nl\/fr\/wp-json\/wp\/v2\/product\/7503","targetHints":{"allow":["GET"]}}],"collection":[{"href":"https:\/\/www.charmig.nl\/fr\/wp-json\/wp\/v2\/product"}],"about":[{"href":"https:\/\/www.charmig.nl\/fr\/wp-json\/wp\/v2\/types\/product"}],"wp:featuredmedia":[{"embeddable":true,"href":"https:\/\/www.charmig.nl\/fr\/wp-json\/wp\/v2\/media\/7504"}],"wp:attachment":[{"href":"https:\/\/www.charmig.nl\/fr\/wp-json\/wp\/v2\/media?parent=7503"}],"wp:term":[{"taxonomy":"product_brand","embeddable":true,"href":"https:\/\/www.charmig.nl\/fr\/wp-json\/wp\/v2\/product_brand?post=7503"},{"taxonomy":"product_cat","embeddable":true,"href":"https:\/\/www.charmig.nl\/fr\/wp-json\/wp\/v2\/product_cat?post=7503"},{"taxonomy":"product_tag","embeddable":true,"href":"https:\/\/www.charmig.nl\/fr\/wp-json\/wp\/v2\/product_tag?post=7503"}],"curies":[{"name":"wp","href":"https:\/\/api.w.org\/{rel}","templated":true}]}}