{"id":7670,"date":"2023-03-23T09:55:52","date_gmt":"2023-03-23T08:55:52","guid":{"rendered":"https:\/\/www.charmig.nl\/?post_type=product&#038;p=7670"},"modified":"2026-02-24T09:00:46","modified_gmt":"2026-02-24T08:00:46","slug":"buffet-deens-design-h-p-hansen-teak-170-cm-5","status":"publish","type":"product","link":"https:\/\/www.charmig.nl\/fr\/produit\/archives\/buffet-deens-design-h-p-hansen-teak-170-cm-5\/","title":{"rendered":"Armoire murale danoise | Teck | Portes et tiroirs coulissants| 1960s"},"content":{"rendered":"","protected":false},"excerpt":{"rendered":"Num\u00e9ro d'article : 210799\r\n\r\nSuperbe armoire murale danoise finie dans une belle couleur chaude, le teck. Ce petit meuble haut a de belles poign\u00e9es en bois sur les tiroirs et est en tr\u00e8s bon \u00e9tat. Un meuble tr\u00e8s \u00e9l\u00e9gant avec un espace de rangement pratique !\r\n\r\n    P\u00e9riode de cr\u00e9ation : 1950 - 1960\r\n    Style : moderne du milieu du si\u00e8cle - design danois\r\n    Mat\u00e9riau : teck\r\n    Condition : bon \u00e9tat vintage\r\n    Designer : inconnu\r\n\r\nLes dimensions\r\nLargeur : 79 cm\r\nProfondeur : 39 cm\r\nHauteur : 103 cm","protected":false},"featured_media":7674,"template":"","meta":{"_acf_changed":false},"product_brand":[],"product_cat":[103],"product_tag":[],"class_list":{"0":"post-7670","1":"product","2":"type-product","3":"status-publish","4":"has-post-thumbnail","6":"product_cat-archief","7":"product_shipping_class-koerier","9":"first","10":"outofstock","11":"shipping-taxable","12":"product-type-simple"},"composite_virtual":false,"composite_layout":"","composite_add_to_cart_form_location":"","composite_editable_in_cart":false,"composite_sold_individually_context":"","composite_shop_price_calc":"","composite_components":[],"composite_scenarios":[],"exclude_global_add_ons":[],"addons":[],"acf":[],"yoast_head":null,"yoast_head_json":null,"_links":{"self":[{"href":"https:\/\/www.charmig.nl\/fr\/wp-json\/wp\/v2\/product\/7670","targetHints":{"allow":["GET"]}}],"collection":[{"href":"https:\/\/www.charmig.nl\/fr\/wp-json\/wp\/v2\/product"}],"about":[{"href":"https:\/\/www.charmig.nl\/fr\/wp-json\/wp\/v2\/types\/product"}],"wp:featuredmedia":[{"embeddable":true,"href":"https:\/\/www.charmig.nl\/fr\/wp-json\/wp\/v2\/media\/7674"}],"wp:attachment":[{"href":"https:\/\/www.charmig.nl\/fr\/wp-json\/wp\/v2\/media?parent=7670"}],"wp:term":[{"taxonomy":"product_brand","embeddable":true,"href":"https:\/\/www.charmig.nl\/fr\/wp-json\/wp\/v2\/product_brand?post=7670"},{"taxonomy":"product_cat","embeddable":true,"href":"https:\/\/www.charmig.nl\/fr\/wp-json\/wp\/v2\/product_cat?post=7670"},{"taxonomy":"product_tag","embeddable":true,"href":"https:\/\/www.charmig.nl\/fr\/wp-json\/wp\/v2\/product_tag?post=7670"}],"curies":[{"name":"wp","href":"https:\/\/api.w.org\/{rel}","templated":true}]}}