{"id":7795,"date":"2023-03-23T10:52:34","date_gmt":"2023-03-23T09:52:34","guid":{"rendered":"https:\/\/www.charmig.nl\/?post_type=product&#038;p=7795"},"modified":"2026-04-23T09:35:25","modified_gmt":"2026-04-23T07:35:25","slug":"lounge-fauteuil-illum-wikkelso-voor-niels-eilersen-deens-design-opnieuw-gestoffeerd-off-white-2","status":"publish","type":"product","link":"https:\/\/www.charmig.nl\/fr\/product\/archief\/lounge-fauteuil-illum-wikkelso-voor-niels-eilersen-deens-design-opnieuw-gestoffeerd-off-white-2\/","title":{"rendered":"Fauteuil de salon | Illum Wikkelso pour Niels Eilersen | Design danois | Retapiss\u00e9 | Blanc cass\u00e9"},"content":{"rendered":"","protected":false},"excerpt":{"rendered":"Num\u00e9ro d'article : 210695\r\n\r\nCe magnifique fauteuil a \u00e9t\u00e9 con\u00e7u par Wikkels\u00f8 et mis en production par l'entreprise de Niels Eilersen. Il s'agit d'un si\u00e8ge aux formes spectaculaires dot\u00e9 d'une structure tr\u00e8s fine en teck massif. Les d\u00e9tails du design sont magnifiques, notamment la torsion sp\u00e9ciale de l'accoudoir et les pieds, qui se r\u00e9tr\u00e9cissent l\u00e9g\u00e8rement \u00e0 la base. Les chaises sont structurellement tr\u00e8s solides et incroyablement confortables !\r\n\r\nLes chaises de salon sont en tr\u00e8s bon \u00e9tat ; les si\u00e8ges ont \u00e9t\u00e9 \u00e9quip\u00e9s d'une nouvelle mousse \u00e0 froid et les chaises ont \u00e9t\u00e9 retapiss\u00e9es avec un magnifique tissu blanc cass\u00e9.\r\n\r\nNous avons 2 de ces chaises disponibles.\r\n\r\n    P\u00e9riode de conception : 1950 - 1960\r\n    Style : moderne du milieu du si\u00e8cle, design danois, design scandinave\r\n    Mat\u00e9riau : Teck, tissu\r\n    Condition : en tr\u00e8s bonne condition vintage, reupholstered et nouveau rembourrage en mousse froide dans les si\u00e8ges.\r\n    Designer : Illum Wikkelso\r\n    Fabricant : Niels Eilersen\r\n\r\nDimensions : Largeur : 74 cm\r\nLargeur : 74 cm\r\nHauteur : 75 cm\r\nHauteur de l'assise : 42\r\nProfondeur : 71 cm","protected":false},"featured_media":7780,"template":"","meta":{"_acf_changed":false},"product_brand":[],"product_cat":[103],"product_tag":[],"class_list":{"0":"post-7795","1":"product","2":"type-product","3":"status-publish","4":"has-post-thumbnail","6":"product_cat-archief","7":"product_shipping_class-koerier","9":"first","10":"outofstock","11":"shipping-taxable","12":"product-type-simple"},"composite_virtual":false,"composite_layout":"","composite_add_to_cart_form_location":"","composite_editable_in_cart":false,"composite_sold_individually_context":"","composite_shop_price_calc":"","composite_components":[],"composite_scenarios":[],"exclude_global_add_ons":[],"addons":[],"acf":[],"yoast_head":null,"yoast_head_json":null,"_links":{"self":[{"href":"https:\/\/www.charmig.nl\/fr\/wp-json\/wp\/v2\/product\/7795","targetHints":{"allow":["GET"]}}],"collection":[{"href":"https:\/\/www.charmig.nl\/fr\/wp-json\/wp\/v2\/product"}],"about":[{"href":"https:\/\/www.charmig.nl\/fr\/wp-json\/wp\/v2\/types\/product"}],"wp:featuredmedia":[{"embeddable":true,"href":"https:\/\/www.charmig.nl\/fr\/wp-json\/wp\/v2\/media\/7780"}],"wp:attachment":[{"href":"https:\/\/www.charmig.nl\/fr\/wp-json\/wp\/v2\/media?parent=7795"}],"wp:term":[{"taxonomy":"product_brand","embeddable":true,"href":"https:\/\/www.charmig.nl\/fr\/wp-json\/wp\/v2\/product_brand?post=7795"},{"taxonomy":"product_cat","embeddable":true,"href":"https:\/\/www.charmig.nl\/fr\/wp-json\/wp\/v2\/product_cat?post=7795"},{"taxonomy":"product_tag","embeddable":true,"href":"https:\/\/www.charmig.nl\/fr\/wp-json\/wp\/v2\/product_tag?post=7795"}],"curies":[{"name":"wp","href":"https:\/\/api.w.org\/{rel}","templated":true}]}}