{"id":8168,"date":"2023-03-30T12:22:50","date_gmt":"2023-03-30T10:22:50","guid":{"rendered":"https:\/\/www.charmig.nl\/?post_type=product&#038;p=8168"},"modified":"2026-02-24T09:00:50","modified_gmt":"2026-02-24T08:00:50","slug":"table-de-salle-a-manger-vintage-pastoe-1960s-reversible-top","status":"publish","type":"product","link":"https:\/\/www.charmig.nl\/fr\/produit\/archives\/table-de-salle-a-manger-vintage-pastoe-1960s-reversible-top\/","title":{"rendered":"Table de salle \u00e0 manger vintage | Pastoe | 1960s | Feuille r\u00e9versible"},"content":{"rendered":"","protected":false},"excerpt":{"rendered":"Num\u00e9ro d'article : 210812\r\n\r\nTable de salle \u00e0 manger Pastoe vintage avec un plateau qui peut \u00eatre utilis\u00e9 de deux fa\u00e7ons, car les deux c\u00f4t\u00e9s sont finis diff\u00e9remment. Un c\u00f4t\u00e9 est fini en teck et l'autre avec une feuille de formica. Cette face en formica est id\u00e9ale pour les jeunes enfants, par exemple, car le formica est un mat\u00e9riau dur qui r\u00e9siste aux coups.\r\n\r\nP\u00e9riode de conception : 1950-1960\r\nStyle : moderne du milieu du si\u00e8cle, design hollandais\r\n\u00c9tat : En bon \u00e9tat vintage\r\nPays d'origine : Pays-Bas\r\nDesigner : Pastoe\r\n\r\nLes dimensions\r\nLargeur : 115 cm\r\nProfondeur : 80 cm\r\nHauteur : 73 cm","protected":false},"featured_media":8171,"template":"","meta":{"_acf_changed":false},"product_brand":[],"product_cat":[103],"product_tag":[],"class_list":{"0":"post-8168","1":"product","2":"type-product","3":"status-publish","4":"has-post-thumbnail","6":"product_cat-archief","7":"product_shipping_class-koerier","9":"first","10":"outofstock","11":"shipping-taxable","12":"product-type-simple"},"composite_virtual":false,"composite_layout":"","composite_add_to_cart_form_location":"","composite_editable_in_cart":false,"composite_sold_individually_context":"","composite_shop_price_calc":"","composite_components":[],"composite_scenarios":[],"exclude_global_add_ons":[],"addons":[],"acf":[],"yoast_head":null,"yoast_head_json":null,"_links":{"self":[{"href":"https:\/\/www.charmig.nl\/fr\/wp-json\/wp\/v2\/product\/8168","targetHints":{"allow":["GET"]}}],"collection":[{"href":"https:\/\/www.charmig.nl\/fr\/wp-json\/wp\/v2\/product"}],"about":[{"href":"https:\/\/www.charmig.nl\/fr\/wp-json\/wp\/v2\/types\/product"}],"wp:featuredmedia":[{"embeddable":true,"href":"https:\/\/www.charmig.nl\/fr\/wp-json\/wp\/v2\/media\/8171"}],"wp:attachment":[{"href":"https:\/\/www.charmig.nl\/fr\/wp-json\/wp\/v2\/media?parent=8168"}],"wp:term":[{"taxonomy":"product_brand","embeddable":true,"href":"https:\/\/www.charmig.nl\/fr\/wp-json\/wp\/v2\/product_brand?post=8168"},{"taxonomy":"product_cat","embeddable":true,"href":"https:\/\/www.charmig.nl\/fr\/wp-json\/wp\/v2\/product_cat?post=8168"},{"taxonomy":"product_tag","embeddable":true,"href":"https:\/\/www.charmig.nl\/fr\/wp-json\/wp\/v2\/product_tag?post=8168"}],"curies":[{"name":"wp","href":"https:\/\/api.w.org\/{rel}","templated":true}]}}