{"id":8201,"date":"2023-04-04T19:06:55","date_gmt":"2023-04-04T17:06:55","guid":{"rendered":"https:\/\/www.charmig.nl\/?post_type=product&#038;p=8201"},"modified":"2026-04-23T09:35:28","modified_gmt":"2026-04-23T07:35:28","slug":"vintage-eettafel-xl-niels-otto-moller-massief-eiken","status":"publish","type":"product","link":"https:\/\/www.charmig.nl\/fr\/produit\/archives\/vintage-eettafel-xl-niels-otto-moller-massief-eiken\/","title":{"rendered":"Table de salle \u00e0 manger vintage XL | Niels Otto M\u00f8ller | Ch\u00eane massif"},"content":{"rendered":"","protected":false},"excerpt":{"rendered":"Num\u00e9ro d'article : 210228\r\n\r\nCette belle et grande table de salle \u00e0 manger vintage a \u00e9t\u00e9 con\u00e7ue par Niels Otto M\u00f8ller pour JL M\u00f8belfabrik au Danemark. La table se distingue par ses dimensions g\u00e9n\u00e9reuses, ce qui n'est pas tr\u00e8s fr\u00e9quent avec les tables de salle \u00e0 manger vintage. La table est fabriqu\u00e9e en ch\u00eane massif, un v\u00e9ritable exemple de la qualit\u00e9 danoise !  \r\n    \r\n    P\u00e9riode de cr\u00e9ation : 1950-1960\r\n    Style : Mid century modern, scandinavian design, Danish design\r\n    Condition : En tr\u00e8s bon \u00e9tat\r\n    Pays d'origine : Danemark\r\n    Designer : Niels Otto M\u00f8ller\r\n    Mat\u00e9riau : Ch\u00eane massif\r\n\r\nDimensions de l'objet :\r\nProfondeur : 100 cm\r\nLargeur : 195 cm\r\nHauteur : 72 cm","protected":false},"featured_media":8203,"template":"","meta":{"_acf_changed":false},"product_brand":[],"product_cat":[103],"product_tag":[],"class_list":{"0":"post-8201","1":"product","2":"type-product","3":"status-publish","4":"has-post-thumbnail","6":"product_cat-archief","7":"product_shipping_class-koerier","9":"first","10":"outofstock","11":"shipping-taxable","12":"product-type-simple"},"composite_virtual":false,"composite_layout":"","composite_add_to_cart_form_location":"","composite_editable_in_cart":false,"composite_sold_individually_context":"","composite_shop_price_calc":"","composite_components":[],"composite_scenarios":[],"exclude_global_add_ons":[],"addons":[],"acf":[],"yoast_head":null,"yoast_head_json":null,"_links":{"self":[{"href":"https:\/\/www.charmig.nl\/fr\/wp-json\/wp\/v2\/product\/8201","targetHints":{"allow":["GET"]}}],"collection":[{"href":"https:\/\/www.charmig.nl\/fr\/wp-json\/wp\/v2\/product"}],"about":[{"href":"https:\/\/www.charmig.nl\/fr\/wp-json\/wp\/v2\/types\/product"}],"wp:featuredmedia":[{"embeddable":true,"href":"https:\/\/www.charmig.nl\/fr\/wp-json\/wp\/v2\/media\/8203"}],"wp:attachment":[{"href":"https:\/\/www.charmig.nl\/fr\/wp-json\/wp\/v2\/media?parent=8201"}],"wp:term":[{"taxonomy":"product_brand","embeddable":true,"href":"https:\/\/www.charmig.nl\/fr\/wp-json\/wp\/v2\/product_brand?post=8201"},{"taxonomy":"product_cat","embeddable":true,"href":"https:\/\/www.charmig.nl\/fr\/wp-json\/wp\/v2\/product_cat?post=8201"},{"taxonomy":"product_tag","embeddable":true,"href":"https:\/\/www.charmig.nl\/fr\/wp-json\/wp\/v2\/product_tag?post=8201"}],"curies":[{"name":"wp","href":"https:\/\/api.w.org\/{rel}","templated":true}]}}