{"id":8312,"date":"2023-05-08T11:47:59","date_gmt":"2023-05-08T09:47:59","guid":{"rendered":"https:\/\/www.charmig.nl\/?post_type=product&#038;p=8312"},"modified":"2026-04-23T09:35:28","modified_gmt":"2026-04-23T07:35:28","slug":"4-x-eetkamerstoel-bramin-h-w-klein-eiken-gerestaureerd","status":"publish","type":"product","link":"https:\/\/www.charmig.nl\/fr\/produit\/archives\/4-x-eetkamerstoel-bramin-h-w-klein-eiken-gerestaureerd\/","title":{"rendered":"4 x chaise de salle \u00e0 manger | Bramin | H.W. Klein | Ch\u00eane | Restaur\u00e9"},"content":{"rendered":"","protected":false},"excerpt":{"rendered":"Num\u00e9ro d'article : 210778\r\n\r\nEnsemble de 4 magnifiques chaises de salle \u00e0 manger vintage danoises. Ces chaises ont \u00e9t\u00e9 con\u00e7ues par H.W. Klein pour Bramin. Les chaises sont finies en ch\u00eane et \u00e9quip\u00e9es d'un nouveau cordon en papier.\r\n\r\n    P\u00e9riode de conception : 1950 - 1960\r\n    Style : moderne du milieu du si\u00e8cle - design danois - design scandinave\r\n    Mat\u00e9riau : Ch\u00eane, Papercord\r\n    \u00c9tat : restaur\u00e9, les cadres ont \u00e9t\u00e9 v\u00e9rifi\u00e9s et les si\u00e8ges ont \u00e9t\u00e9 recouverts d'un nouveau cordon en papier.\r\n    Designer : H.W. Klein\r\n    Fabricant : Bramin\r\n\r\nDimensions : Hauteur : 76 cm :\r\nHauteur : 76 cm\r\nHauteur de l'assise : 46 cm\r\nLargeur : 48 cm\r\nProfondeur : 50 cm","protected":false},"featured_media":8316,"template":"","meta":{"_acf_changed":false},"product_brand":[],"product_cat":[103],"product_tag":[],"class_list":{"0":"post-8312","1":"product","2":"type-product","3":"status-publish","4":"has-post-thumbnail","6":"product_cat-archief","7":"product_shipping_class-koerier","9":"first","10":"outofstock","11":"shipping-taxable","12":"product-type-simple"},"composite_virtual":false,"composite_layout":"","composite_add_to_cart_form_location":"","composite_editable_in_cart":false,"composite_sold_individually_context":"","composite_shop_price_calc":"","composite_components":[],"composite_scenarios":[],"exclude_global_add_ons":[],"addons":[],"acf":[],"yoast_head":null,"yoast_head_json":null,"_links":{"self":[{"href":"https:\/\/www.charmig.nl\/fr\/wp-json\/wp\/v2\/product\/8312","targetHints":{"allow":["GET"]}}],"collection":[{"href":"https:\/\/www.charmig.nl\/fr\/wp-json\/wp\/v2\/product"}],"about":[{"href":"https:\/\/www.charmig.nl\/fr\/wp-json\/wp\/v2\/types\/product"}],"wp:featuredmedia":[{"embeddable":true,"href":"https:\/\/www.charmig.nl\/fr\/wp-json\/wp\/v2\/media\/8316"}],"wp:attachment":[{"href":"https:\/\/www.charmig.nl\/fr\/wp-json\/wp\/v2\/media?parent=8312"}],"wp:term":[{"taxonomy":"product_brand","embeddable":true,"href":"https:\/\/www.charmig.nl\/fr\/wp-json\/wp\/v2\/product_brand?post=8312"},{"taxonomy":"product_cat","embeddable":true,"href":"https:\/\/www.charmig.nl\/fr\/wp-json\/wp\/v2\/product_cat?post=8312"},{"taxonomy":"product_tag","embeddable":true,"href":"https:\/\/www.charmig.nl\/fr\/wp-json\/wp\/v2\/product_tag?post=8312"}],"curies":[{"name":"wp","href":"https:\/\/api.w.org\/{rel}","templated":true}]}}