{"id":8324,"date":"2023-05-08T11:59:43","date_gmt":"2023-05-08T09:59:43","guid":{"rendered":"https:\/\/www.charmig.nl\/?post_type=product&#038;p=8324"},"modified":"2026-04-23T09:35:29","modified_gmt":"2026-04-23T07:35:29","slug":"vintage-deense-eettafel-xl-bramin-eiken-uitschuifbaar","status":"publish","type":"product","link":"https:\/\/www.charmig.nl\/fr\/produit\/archives\/vintage-deense-eettafel-xl-bramin-eiken-uitschuifbaar\/","title":{"rendered":"Table de salle \u00e0 manger danoise vintage XL | Bramin | Ch\u00eane | extensible"},"content":{"rendered":"","protected":false},"excerpt":{"rendered":"Num\u00e9ro d'article : 210281\r\n\r\nCette magnifique grande table de salle \u00e0 manger vintage danoise est en ch\u00eane. La table ronde a \u00e9t\u00e9 produite par Bramin (Danemark). La table a deux feuilles interm\u00e9diaires qui la rendent ovale.\r\n    \r\n    P\u00e9riode de conception : 1950-1960\r\n    Style : Moderne, design scandinave, design danois\r\n    \u00c9tat : En tr\u00e8s bon \u00e9tat.\r\n    Pays d'origine : Danemark\r\n    Fabricant : Bramin\r\n    Mat\u00e9riau : Ch\u00eane\r\n\r\nDimensions : Longueur : 215 \/ 165 cm :\r\nLongueur : 215 \/ 165 cm\r\nDiam\u00e8tre : 115 cm\r\nHauteur : 71 cm","protected":false},"featured_media":8326,"template":"","meta":{"_acf_changed":false},"product_brand":[],"product_cat":[103],"product_tag":[],"class_list":{"0":"post-8324","1":"product","2":"type-product","3":"status-publish","4":"has-post-thumbnail","6":"product_cat-archief","7":"product_shipping_class-koerier","9":"first","10":"outofstock","11":"shipping-taxable","12":"product-type-simple"},"composite_virtual":false,"composite_layout":"","composite_add_to_cart_form_location":"","composite_editable_in_cart":false,"composite_sold_individually_context":"","composite_shop_price_calc":"","composite_components":[],"composite_scenarios":[],"exclude_global_add_ons":[],"addons":[],"acf":[],"yoast_head":null,"yoast_head_json":null,"_links":{"self":[{"href":"https:\/\/www.charmig.nl\/fr\/wp-json\/wp\/v2\/product\/8324","targetHints":{"allow":["GET"]}}],"collection":[{"href":"https:\/\/www.charmig.nl\/fr\/wp-json\/wp\/v2\/product"}],"about":[{"href":"https:\/\/www.charmig.nl\/fr\/wp-json\/wp\/v2\/types\/product"}],"wp:featuredmedia":[{"embeddable":true,"href":"https:\/\/www.charmig.nl\/fr\/wp-json\/wp\/v2\/media\/8326"}],"wp:attachment":[{"href":"https:\/\/www.charmig.nl\/fr\/wp-json\/wp\/v2\/media?parent=8324"}],"wp:term":[{"taxonomy":"product_brand","embeddable":true,"href":"https:\/\/www.charmig.nl\/fr\/wp-json\/wp\/v2\/product_brand?post=8324"},{"taxonomy":"product_cat","embeddable":true,"href":"https:\/\/www.charmig.nl\/fr\/wp-json\/wp\/v2\/product_cat?post=8324"},{"taxonomy":"product_tag","embeddable":true,"href":"https:\/\/www.charmig.nl\/fr\/wp-json\/wp\/v2\/product_tag?post=8324"}],"curies":[{"name":"wp","href":"https:\/\/api.w.org\/{rel}","templated":true}]}}