{"id":8395,"date":"2023-05-15T13:30:26","date_gmt":"2023-05-15T11:30:26","guid":{"rendered":"https:\/\/www.charmig.nl\/?post_type=product&#038;p=8395"},"modified":"2026-02-24T09:00:51","modified_gmt":"2026-02-24T08:00:51","slug":"buffet-deens-design-h-p-hansen-teak-170-cm-14","status":"publish","type":"product","link":"https:\/\/www.charmig.nl\/fr\/produit\/archives\/buffet-deens-design-h-p-hansen-teak-170-cm-14\/","title":{"rendered":"Buffet vintage | Axel Christensen | Aco M\u00f8bler | Danish Design | 240 cm"},"content":{"rendered":"","protected":false},"excerpt":{"rendered":"Num\u00e9ro d'article : 210820\r\n\r\nCe buffet a \u00e9t\u00e9 con\u00e7u par le designer danois Axel Christensen et produit par Aco M\u00f8bler. Le buffet date des ann\u00e9es 1960, mais il a l'air comme neuf ! Gr\u00e2ce \u00e0 ses dimensions, ce buffet vintage offre un grand espace de rangement pratique. L'une des particularit\u00e9s de ce meuble est la pr\u00e9sence de belles poign\u00e9es sur les portes coulissantes qui attirent l'attention. Ce meuble est un bel accroche-regard intemporel qui s'int\u00e8gre dans de nombreux int\u00e9rieurs !\r\n\r\n    P\u00e9riode de cr\u00e9ation : 1950-1960\r\n    Style : Mid century modern, vintage\r\n    Mat\u00e9riau : Teck\r\n    \u00c9tat : En tr\u00e8s bon \u00e9tat.\r\n    Designer : Axel Christensen pour Aco M\u00f8bler\r\n\r\nLes dimensions\r\nLargeur : 240 cm\r\nProfondeur : 47 cm\r\nHauteur : 80 cm","protected":false},"featured_media":8396,"template":"","meta":{"_acf_changed":false},"product_brand":[],"product_cat":[103],"product_tag":[],"class_list":{"0":"post-8395","1":"product","2":"type-product","3":"status-publish","4":"has-post-thumbnail","6":"product_cat-archief","7":"product_shipping_class-koerier","9":"first","10":"outofstock","11":"shipping-taxable","12":"product-type-simple"},"composite_virtual":false,"composite_layout":"","composite_add_to_cart_form_location":"","composite_editable_in_cart":false,"composite_sold_individually_context":"","composite_shop_price_calc":"","composite_components":[],"composite_scenarios":[],"exclude_global_add_ons":[],"addons":[],"acf":[],"yoast_head":null,"yoast_head_json":null,"_links":{"self":[{"href":"https:\/\/www.charmig.nl\/fr\/wp-json\/wp\/v2\/product\/8395","targetHints":{"allow":["GET"]}}],"collection":[{"href":"https:\/\/www.charmig.nl\/fr\/wp-json\/wp\/v2\/product"}],"about":[{"href":"https:\/\/www.charmig.nl\/fr\/wp-json\/wp\/v2\/types\/product"}],"wp:featuredmedia":[{"embeddable":true,"href":"https:\/\/www.charmig.nl\/fr\/wp-json\/wp\/v2\/media\/8396"}],"wp:attachment":[{"href":"https:\/\/www.charmig.nl\/fr\/wp-json\/wp\/v2\/media?parent=8395"}],"wp:term":[{"taxonomy":"product_brand","embeddable":true,"href":"https:\/\/www.charmig.nl\/fr\/wp-json\/wp\/v2\/product_brand?post=8395"},{"taxonomy":"product_cat","embeddable":true,"href":"https:\/\/www.charmig.nl\/fr\/wp-json\/wp\/v2\/product_cat?post=8395"},{"taxonomy":"product_tag","embeddable":true,"href":"https:\/\/www.charmig.nl\/fr\/wp-json\/wp\/v2\/product_tag?post=8395"}],"curies":[{"name":"wp","href":"https:\/\/api.w.org\/{rel}","templated":true}]}}