{"id":8413,"date":"2023-05-15T13:45:17","date_gmt":"2023-05-15T11:45:17","guid":{"rendered":"https:\/\/www.charmig.nl\/?post_type=product&#038;p=8413"},"modified":"2026-02-24T09:00:51","modified_gmt":"2026-02-24T08:00:51","slug":"buffet-deens-design-h-p-hansen-teak-170-cm-15","status":"publish","type":"product","link":"https:\/\/www.charmig.nl\/fr\/produit\/archives\/buffet-deens-design-h-p-hansen-teak-170-cm-15\/","title":{"rendered":"Buffet vintage | Mid Century Modern | Meuble TV | 180 cm"},"content":{"rendered":"","protected":false},"excerpt":{"rendered":"Num\u00e9ro d'article : 210828\r\n\r\nBuffet vintage d\u00e9mentiel ! Ce meuble se distingue imm\u00e9diatement par son beau design et sa hauteur de seulement 76 cm le rend id\u00e9al pour une utilisation comme meuble TV vintage.\r\n\r\n    P\u00e9riode de conception : 1950-1960\r\n    Style : moderne du milieu du si\u00e8cle\r\n    Mat\u00e9riau : Noyer\r\n    \u00c9tat : En tr\u00e8s bon \u00e9tat\r\n    Designer : inconnu\r\n\r\nDimensions du meuble\r\nLargeur : 180 cm\r\nProfondeur : 42 cm\r\nHauteur : 76 cm","protected":false},"featured_media":8414,"template":"","meta":{"_acf_changed":false},"product_brand":[],"product_cat":[103],"product_tag":[],"class_list":{"0":"post-8413","1":"product","2":"type-product","3":"status-publish","4":"has-post-thumbnail","6":"product_cat-archief","7":"product_shipping_class-koerier","9":"first","10":"outofstock","11":"shipping-taxable","12":"product-type-simple"},"composite_virtual":false,"composite_layout":"","composite_add_to_cart_form_location":"","composite_editable_in_cart":false,"composite_sold_individually_context":"","composite_shop_price_calc":"","composite_components":[],"composite_scenarios":[],"exclude_global_add_ons":[],"addons":[],"acf":[],"yoast_head":null,"yoast_head_json":null,"_links":{"self":[{"href":"https:\/\/www.charmig.nl\/fr\/wp-json\/wp\/v2\/product\/8413","targetHints":{"allow":["GET"]}}],"collection":[{"href":"https:\/\/www.charmig.nl\/fr\/wp-json\/wp\/v2\/product"}],"about":[{"href":"https:\/\/www.charmig.nl\/fr\/wp-json\/wp\/v2\/types\/product"}],"wp:featuredmedia":[{"embeddable":true,"href":"https:\/\/www.charmig.nl\/fr\/wp-json\/wp\/v2\/media\/8414"}],"wp:attachment":[{"href":"https:\/\/www.charmig.nl\/fr\/wp-json\/wp\/v2\/media?parent=8413"}],"wp:term":[{"taxonomy":"product_brand","embeddable":true,"href":"https:\/\/www.charmig.nl\/fr\/wp-json\/wp\/v2\/product_brand?post=8413"},{"taxonomy":"product_cat","embeddable":true,"href":"https:\/\/www.charmig.nl\/fr\/wp-json\/wp\/v2\/product_cat?post=8413"},{"taxonomy":"product_tag","embeddable":true,"href":"https:\/\/www.charmig.nl\/fr\/wp-json\/wp\/v2\/product_tag?post=8413"}],"curies":[{"name":"wp","href":"https:\/\/api.w.org\/{rel}","templated":true}]}}