{"id":8441,"date":"2023-05-16T10:33:53","date_gmt":"2023-05-16T08:33:53","guid":{"rendered":"https:\/\/www.charmig.nl\/?post_type=product&#038;p=8441"},"modified":"2026-04-23T09:35:29","modified_gmt":"2026-04-23T07:35:29","slug":"vintage-buffet-mid-century-modern-tv-meubel-180-cm-kopie","status":"publish","type":"product","link":"https:\/\/www.charmig.nl\/fr\/product\/archief\/vintage-dressoir-mid-century-modern-tv-meubel-180-cm-kopie\/","title":{"rendered":"Buffet vintage | Bartels Werke | Mid Century Modern | 220 cm"},"content":{"rendered":"","protected":false},"excerpt":{"rendered":"Num\u00e9ro d'article : 210824\r\n\r\nBuffet follement vintage ! Ce meuble se distingue imm\u00e9diatement par son beau design et les poign\u00e9es en laiton des tiroirs. Si vous \u00eates \u00e0 la recherche d'un meuble qui peut contenir beaucoup de choses, ce meuble a une profondeur de 52 cm !\r\n\r\nP\u00e9riode de cr\u00e9ation : 1950-1960\r\nStyle : moderne du milieu du si\u00e8cle\r\nMat\u00e9riau : Noyer\r\n\u00c9tat : En tr\u00e8s bon \u00e9tat\r\nDesigner : Bartels Werke\r\n\r\nLes dimensions\r\nLargeur : 220 cm\r\nProfondeur : 52 cm\r\nHauteur : 84 cm","protected":false},"featured_media":8449,"template":"","meta":{"_acf_changed":false},"product_brand":[],"product_cat":[103],"product_tag":[],"class_list":{"0":"post-8441","1":"product","2":"type-product","3":"status-publish","4":"has-post-thumbnail","6":"product_cat-archief","7":"product_shipping_class-koerier","9":"first","10":"outofstock","11":"shipping-taxable","12":"product-type-simple"},"composite_virtual":false,"composite_layout":"","composite_add_to_cart_form_location":"","composite_editable_in_cart":false,"composite_sold_individually_context":"","composite_shop_price_calc":"","composite_components":[],"composite_scenarios":[],"exclude_global_add_ons":[],"addons":[],"acf":[],"yoast_head":null,"yoast_head_json":null,"_links":{"self":[{"href":"https:\/\/www.charmig.nl\/fr\/wp-json\/wp\/v2\/product\/8441","targetHints":{"allow":["GET"]}}],"collection":[{"href":"https:\/\/www.charmig.nl\/fr\/wp-json\/wp\/v2\/product"}],"about":[{"href":"https:\/\/www.charmig.nl\/fr\/wp-json\/wp\/v2\/types\/product"}],"wp:featuredmedia":[{"embeddable":true,"href":"https:\/\/www.charmig.nl\/fr\/wp-json\/wp\/v2\/media\/8449"}],"wp:attachment":[{"href":"https:\/\/www.charmig.nl\/fr\/wp-json\/wp\/v2\/media?parent=8441"}],"wp:term":[{"taxonomy":"product_brand","embeddable":true,"href":"https:\/\/www.charmig.nl\/fr\/wp-json\/wp\/v2\/product_brand?post=8441"},{"taxonomy":"product_cat","embeddable":true,"href":"https:\/\/www.charmig.nl\/fr\/wp-json\/wp\/v2\/product_cat?post=8441"},{"taxonomy":"product_tag","embeddable":true,"href":"https:\/\/www.charmig.nl\/fr\/wp-json\/wp\/v2\/product_tag?post=8441"}],"curies":[{"name":"wp","href":"https:\/\/api.w.org\/{rel}","templated":true}]}}