{"id":8548,"date":"2023-06-02T13:38:37","date_gmt":"2023-06-02T11:38:37","guid":{"rendered":"https:\/\/www.charmig.nl\/?post_type=product&#038;p=8548"},"modified":"2026-04-23T09:35:30","modified_gmt":"2026-04-23T07:35:30","slug":"vintage-bar-cabinet-lumiere-teak-bar-60s","status":"publish","type":"product","link":"https:\/\/www.charmig.nl\/fr\/produit\/archives\/vintage-bar-cabinet-lumiere-teak-bar-60s\/","title":{"rendered":"Meuble de bar vintage | Luminaire | Teck | Bar | Ann\u00e9es 60"},"content":{"rendered":"","protected":false},"excerpt":{"rendered":"Num\u00e9ro d'article : 210836\r\n\r\nSuperbe armoire murale vintage, finie dans une belle couleur claire de teck. Ce meuble de bar a de belles poign\u00e9es en bois sur les tiroirs et est en bon \u00e9tat. Tr\u00e8s \u00e9l\u00e9gante armoire avec \u00e9clairage dans la zone du bar.\r\n\r\nP\u00e9riode de cr\u00e9ation : 1950 - 1960\r\nStyle : moderne du milieu du si\u00e8cle - scandinave\r\nMat\u00e9riau : teck\r\n\u00c9tat : bon \u00e9tat vintage\r\nDesigner : inconnu\r\n\r\nDimensions du meuble\r\nLargeur : 130 cm\r\nProfondeur : 38 cm\r\nHauteur : 115 cm","protected":false},"featured_media":8549,"template":"","meta":{"_acf_changed":false},"product_brand":[],"product_cat":[103],"product_tag":[],"class_list":{"0":"post-8548","1":"product","2":"type-product","3":"status-publish","4":"has-post-thumbnail","6":"product_cat-archief","7":"product_shipping_class-koerier","9":"first","10":"outofstock","11":"shipping-taxable","12":"product-type-simple"},"composite_virtual":false,"composite_layout":"","composite_add_to_cart_form_location":"","composite_editable_in_cart":false,"composite_sold_individually_context":"","composite_shop_price_calc":"","composite_components":[],"composite_scenarios":[],"exclude_global_add_ons":[],"addons":[],"acf":[],"yoast_head":null,"yoast_head_json":null,"_links":{"self":[{"href":"https:\/\/www.charmig.nl\/fr\/wp-json\/wp\/v2\/product\/8548","targetHints":{"allow":["GET"]}}],"collection":[{"href":"https:\/\/www.charmig.nl\/fr\/wp-json\/wp\/v2\/product"}],"about":[{"href":"https:\/\/www.charmig.nl\/fr\/wp-json\/wp\/v2\/types\/product"}],"wp:featuredmedia":[{"embeddable":true,"href":"https:\/\/www.charmig.nl\/fr\/wp-json\/wp\/v2\/media\/8549"}],"wp:attachment":[{"href":"https:\/\/www.charmig.nl\/fr\/wp-json\/wp\/v2\/media?parent=8548"}],"wp:term":[{"taxonomy":"product_brand","embeddable":true,"href":"https:\/\/www.charmig.nl\/fr\/wp-json\/wp\/v2\/product_brand?post=8548"},{"taxonomy":"product_cat","embeddable":true,"href":"https:\/\/www.charmig.nl\/fr\/wp-json\/wp\/v2\/product_cat?post=8548"},{"taxonomy":"product_tag","embeddable":true,"href":"https:\/\/www.charmig.nl\/fr\/wp-json\/wp\/v2\/product_tag?post=8548"}],"curies":[{"name":"wp","href":"https:\/\/api.w.org\/{rel}","templated":true}]}}