{"id":8629,"date":"2023-06-09T15:39:31","date_gmt":"2023-06-09T13:39:31","guid":{"rendered":"https:\/\/www.charmig.nl\/?post_type=product&#038;p=8629"},"modified":"2026-02-24T09:00:54","modified_gmt":"2026-02-24T08:00:54","slug":"vintage-manger-table-greta-jalk-teak-danish-design","status":"publish","type":"product","link":"https:\/\/www.charmig.nl\/fr\/produit\/archives\/vintage-manger-table-greta-jalk-teak-danish-design\/","title":{"rendered":"Table de salle \u00e0 manger vintage | Grete Jalk | Teck | Danish Design"},"content":{"rendered":"","protected":false},"excerpt":{"rendered":"Num\u00e9ro d'article : 210831\r\n\r\nCette magnifique table de salle \u00e0 manger vintage a \u00e9t\u00e9 con\u00e7ue par Grete Jalk et fabriqu\u00e9e par Glostrup, au Danemark. Les pieds et la base sont en teck massif, le plateau est en placage de teck avec un bord en bois massif. La table a deux rallonges, ce qui la rend beaucoup plus grande.\r\n    \r\n    P\u00e9riode de cr\u00e9ation : 1950-1960\r\n    Style : Mid century modern, scandinavian design\r\n    Condition : En tr\u00e8s bon \u00e9tat.\r\n    Mat\u00e9riau : Teck\r\n    Designer : Grete Jalk\r\n    Fabricant : Glostrup, Danemark\r\n\r\n\r\nDimensions :\r\nLongueur : 255 cm \/ 198 cm \/ 140 cm\r\nProfondeur : 91 cm\r\nHauteur : 74 cm","protected":false},"featured_media":8635,"template":"","meta":{"_acf_changed":false},"product_brand":[],"product_cat":[103],"product_tag":[],"class_list":{"0":"post-8629","1":"product","2":"type-product","3":"status-publish","4":"has-post-thumbnail","6":"product_cat-archief","7":"product_shipping_class-koerier","9":"first","10":"outofstock","11":"shipping-taxable","12":"product-type-simple"},"composite_virtual":false,"composite_layout":"","composite_add_to_cart_form_location":"","composite_editable_in_cart":false,"composite_sold_individually_context":"","composite_shop_price_calc":"","composite_components":[],"composite_scenarios":[],"exclude_global_add_ons":[],"addons":[],"acf":[],"yoast_head":null,"yoast_head_json":null,"_links":{"self":[{"href":"https:\/\/www.charmig.nl\/fr\/wp-json\/wp\/v2\/product\/8629","targetHints":{"allow":["GET"]}}],"collection":[{"href":"https:\/\/www.charmig.nl\/fr\/wp-json\/wp\/v2\/product"}],"about":[{"href":"https:\/\/www.charmig.nl\/fr\/wp-json\/wp\/v2\/types\/product"}],"wp:featuredmedia":[{"embeddable":true,"href":"https:\/\/www.charmig.nl\/fr\/wp-json\/wp\/v2\/media\/8635"}],"wp:attachment":[{"href":"https:\/\/www.charmig.nl\/fr\/wp-json\/wp\/v2\/media?parent=8629"}],"wp:term":[{"taxonomy":"product_brand","embeddable":true,"href":"https:\/\/www.charmig.nl\/fr\/wp-json\/wp\/v2\/product_brand?post=8629"},{"taxonomy":"product_cat","embeddable":true,"href":"https:\/\/www.charmig.nl\/fr\/wp-json\/wp\/v2\/product_cat?post=8629"},{"taxonomy":"product_tag","embeddable":true,"href":"https:\/\/www.charmig.nl\/fr\/wp-json\/wp\/v2\/product_tag?post=8629"}],"curies":[{"name":"wp","href":"https:\/\/api.w.org\/{rel}","templated":true}]}}