{"id":8672,"date":"2023-06-12T08:50:10","date_gmt":"2023-06-12T06:50:10","guid":{"rendered":"https:\/\/www.charmig.nl\/?post_type=product&#038;p=8672"},"modified":"2026-02-24T09:00:55","modified_gmt":"2026-02-24T08:00:55","slug":"highboard-wandkast-teak-1960s","status":"publish","type":"product","link":"https:\/\/www.charmig.nl\/fr\/produit\/archives\/highboard-wandkast-teak-1960s\/","title":{"rendered":"Meuble haut | Meuble mural | Teck | 1960s"},"content":{"rendered":"","protected":false},"excerpt":{"rendered":"Num\u00e9ro d'article : 210840\r\n\r\nFantastique meuble haut avec de nombreux tiroirs magnifiques, donnant \u00e0 l'armoire un aspect incroyablement beau. Derri\u00e8re les portes, il y a deux \u00e9tag\u00e8res \u00e0 gauche et une \u00e0 droite.\r\n\r\n    P\u00e9riode de cr\u00e9ation : 1950-1960\r\n    Style : moderne du milieu du si\u00e8cle\r\n    Mat\u00e9riau : teck\r\n    Condition : En bon \u00e9tat, la deuxi\u00e8me porte en partant de la gauche a \u00e9t\u00e9 modifi\u00e9e dans le pass\u00e9. Cela a cr\u00e9\u00e9 un espace en haut et la porte peut \u00eatre ferm\u00e9e mais pas verrouill\u00e9e. (voir photos)\r\n    Marque : Unbranded","protected":false},"featured_media":8673,"template":"","meta":{"_acf_changed":false},"product_brand":[],"product_cat":[103],"product_tag":[],"class_list":{"0":"post-8672","1":"product","2":"type-product","3":"status-publish","4":"has-post-thumbnail","6":"product_cat-archief","7":"product_shipping_class-koerier","9":"first","10":"outofstock","11":"shipping-taxable","12":"product-type-simple"},"composite_virtual":false,"composite_layout":"","composite_add_to_cart_form_location":"","composite_editable_in_cart":false,"composite_sold_individually_context":"","composite_shop_price_calc":"","composite_components":[],"composite_scenarios":[],"exclude_global_add_ons":[],"addons":[],"acf":[],"yoast_head":null,"yoast_head_json":null,"_links":{"self":[{"href":"https:\/\/www.charmig.nl\/fr\/wp-json\/wp\/v2\/product\/8672","targetHints":{"allow":["GET"]}}],"collection":[{"href":"https:\/\/www.charmig.nl\/fr\/wp-json\/wp\/v2\/product"}],"about":[{"href":"https:\/\/www.charmig.nl\/fr\/wp-json\/wp\/v2\/types\/product"}],"wp:featuredmedia":[{"embeddable":true,"href":"https:\/\/www.charmig.nl\/fr\/wp-json\/wp\/v2\/media\/8673"}],"wp:attachment":[{"href":"https:\/\/www.charmig.nl\/fr\/wp-json\/wp\/v2\/media?parent=8672"}],"wp:term":[{"taxonomy":"product_brand","embeddable":true,"href":"https:\/\/www.charmig.nl\/fr\/wp-json\/wp\/v2\/product_brand?post=8672"},{"taxonomy":"product_cat","embeddable":true,"href":"https:\/\/www.charmig.nl\/fr\/wp-json\/wp\/v2\/product_cat?post=8672"},{"taxonomy":"product_tag","embeddable":true,"href":"https:\/\/www.charmig.nl\/fr\/wp-json\/wp\/v2\/product_tag?post=8672"}],"curies":[{"name":"wp","href":"https:\/\/api.w.org\/{rel}","templated":true}]}}