{"id":8686,"date":"2023-06-12T09:02:18","date_gmt":"2023-06-12T07:02:18","guid":{"rendered":"https:\/\/www.charmig.nl\/?post_type=product&#038;p=8686"},"modified":"2026-04-23T09:35:31","modified_gmt":"2026-04-23T07:35:31","slug":"buffet-blond-1960s-220-cm","status":"publish","type":"product","link":"https:\/\/www.charmig.nl\/fr\/product\/archief\/sideboard-dressoir-blond-1960s-220-cm\/","title":{"rendered":"Cr\u00e9dence | Cr\u00e9dence | Blonde | ann\u00e9es 1960 | 220 cm"},"content":{"rendered":"","protected":false},"excerpt":{"rendered":"Num\u00e9ro d'article : 210835\r\n\r\nCe fantastique buffet, d'une belle couleur claire (blonde), est probablement en poirier. Le buffet a 4 tiroirs derri\u00e8re la porte gauche.\r\n\r\nP\u00e9riode de cr\u00e9ation : 1950 - 1960\r\nStyle : moderne du milieu du si\u00e8cle - design scandinave - design danois\r\nMat\u00e9riau : probablement du poirier (placage)\r\nCondition : en bon \u00e9tat, toutes les serrures fonctionnent et les tiroirs coulissent sans probl\u00e8me.\r\n\r\n\r\nDimensions du meuble :\r\nLargeur : 220 cm\r\nHauteur : 84 cm\r\nProfondeur : 46 cm","protected":false},"featured_media":8687,"template":"","meta":{"_acf_changed":false},"product_brand":[],"product_cat":[103],"product_tag":[],"class_list":{"0":"post-8686","1":"product","2":"type-product","3":"status-publish","4":"has-post-thumbnail","6":"product_cat-archief","7":"product_shipping_class-koerier","9":"first","10":"outofstock","11":"shipping-taxable","12":"product-type-simple"},"composite_virtual":false,"composite_layout":"","composite_add_to_cart_form_location":"","composite_editable_in_cart":false,"composite_sold_individually_context":"","composite_shop_price_calc":"","composite_components":[],"composite_scenarios":[],"exclude_global_add_ons":[],"addons":[],"acf":[],"yoast_head":null,"yoast_head_json":null,"_links":{"self":[{"href":"https:\/\/www.charmig.nl\/fr\/wp-json\/wp\/v2\/product\/8686","targetHints":{"allow":["GET"]}}],"collection":[{"href":"https:\/\/www.charmig.nl\/fr\/wp-json\/wp\/v2\/product"}],"about":[{"href":"https:\/\/www.charmig.nl\/fr\/wp-json\/wp\/v2\/types\/product"}],"wp:featuredmedia":[{"embeddable":true,"href":"https:\/\/www.charmig.nl\/fr\/wp-json\/wp\/v2\/media\/8687"}],"wp:attachment":[{"href":"https:\/\/www.charmig.nl\/fr\/wp-json\/wp\/v2\/media?parent=8686"}],"wp:term":[{"taxonomy":"product_brand","embeddable":true,"href":"https:\/\/www.charmig.nl\/fr\/wp-json\/wp\/v2\/product_brand?post=8686"},{"taxonomy":"product_cat","embeddable":true,"href":"https:\/\/www.charmig.nl\/fr\/wp-json\/wp\/v2\/product_cat?post=8686"},{"taxonomy":"product_tag","embeddable":true,"href":"https:\/\/www.charmig.nl\/fr\/wp-json\/wp\/v2\/product_tag?post=8686"}],"curies":[{"name":"wp","href":"https:\/\/api.w.org\/{rel}","templated":true}]}}