{"id":8764,"date":"2023-06-15T19:31:26","date_gmt":"2023-06-15T17:31:26","guid":{"rendered":"https:\/\/www.charmig.nl\/?post_type=product&#038;p=8764"},"modified":"2026-02-24T09:00:55","modified_gmt":"2026-02-24T08:00:55","slug":"8-x-eetkamerstoel-uldum-mobelfabrik-model-7171-eiken-vintage-gerestaureerd","status":"publish","type":"product","link":"https:\/\/www.charmig.nl\/fr\/produit\/archives\/8-x-eetkamerstoel-uldum-mobelfabrik-model-7171-eiken-vintage-gerestaureerd\/","title":{"rendered":"Ensemble de 4 chaises de salle \u00e0 manger | Uldum M\u00f8belfabrik | Mod\u00e8le 7171 | Ch\u00eane | Vintage | Restaur\u00e9"},"content":{"rendered":"","protected":false},"excerpt":{"rendered":"Num\u00e9ro d'article : 210808\r\n\r\nEnsemble de 4 chaises de salle \u00e0 manger vintage en ch\u00eane. Ces chaises danoises ont \u00e9t\u00e9 produites par Uldum M\u00f8belfabrik. Les chaises de salle \u00e0 manger sont en ch\u00eane et ont \u00e9t\u00e9 retapiss\u00e9es.\r\n\r\nNOTE : La photo montre 8 chaises, dont 4 sont encore disponibles.\r\n\r\n    P\u00e9riode de cr\u00e9ation : ann\u00e9es 1960\r\n    Style : Mid century modern - Danish design - Scandinavian design\r\n    Mat\u00e9riau : Ch\u00eane\r\n    \u00c9tat : restaur\u00e9, les cadres ont \u00e9t\u00e9 v\u00e9rifi\u00e9s et les chaises ont \u00e9t\u00e9 retapiss\u00e9es.\r\n    Fabricant : Uldum M\u00f8belfabrik\r\n\r\nDimensions : Hauteur : 79 cm\r\nHauteur : 79 cm\r\nHauteur de l'assise : 46 cm\r\nLargeur : 46 cm","protected":false},"featured_media":8765,"template":"","meta":{"_acf_changed":false},"product_brand":[],"product_cat":[103],"product_tag":[],"class_list":{"0":"post-8764","1":"product","2":"type-product","3":"status-publish","4":"has-post-thumbnail","6":"product_cat-archief","7":"product_shipping_class-koerier","9":"first","10":"outofstock","11":"shipping-taxable","12":"product-type-simple"},"composite_virtual":false,"composite_layout":"","composite_add_to_cart_form_location":"","composite_editable_in_cart":false,"composite_sold_individually_context":"","composite_shop_price_calc":"","composite_components":[],"composite_scenarios":[],"exclude_global_add_ons":[],"addons":[],"acf":[],"yoast_head":null,"yoast_head_json":null,"_links":{"self":[{"href":"https:\/\/www.charmig.nl\/fr\/wp-json\/wp\/v2\/product\/8764","targetHints":{"allow":["GET"]}}],"collection":[{"href":"https:\/\/www.charmig.nl\/fr\/wp-json\/wp\/v2\/product"}],"about":[{"href":"https:\/\/www.charmig.nl\/fr\/wp-json\/wp\/v2\/types\/product"}],"wp:featuredmedia":[{"embeddable":true,"href":"https:\/\/www.charmig.nl\/fr\/wp-json\/wp\/v2\/media\/8765"}],"wp:attachment":[{"href":"https:\/\/www.charmig.nl\/fr\/wp-json\/wp\/v2\/media?parent=8764"}],"wp:term":[{"taxonomy":"product_brand","embeddable":true,"href":"https:\/\/www.charmig.nl\/fr\/wp-json\/wp\/v2\/product_brand?post=8764"},{"taxonomy":"product_cat","embeddable":true,"href":"https:\/\/www.charmig.nl\/fr\/wp-json\/wp\/v2\/product_cat?post=8764"},{"taxonomy":"product_tag","embeddable":true,"href":"https:\/\/www.charmig.nl\/fr\/wp-json\/wp\/v2\/product_tag?post=8764"}],"curies":[{"name":"wp","href":"https:\/\/api.w.org\/{rel}","templated":true}]}}