{"id":8784,"date":"2023-06-20T11:26:59","date_gmt":"2023-06-20T09:26:59","guid":{"rendered":"https:\/\/www.charmig.nl\/?post_type=product&#038;p=8784"},"modified":"2026-02-24T09:00:55","modified_gmt":"2026-02-24T08:00:55","slug":"buffet-deens-design-h-p-hansen-teak-170-cm-21","status":"publish","type":"product","link":"https:\/\/www.charmig.nl\/fr\/produit\/archives\/buffet-deens-design-h-p-hansen-teak-170-cm-21\/","title":{"rendered":"Cr\u00e9dence | Cr\u00e9dence | Bois de rose | ann\u00e9es 60 | 200 cm"},"content":{"rendered":"","protected":false},"excerpt":{"rendered":"Artikelnummer: 210827\r\n\r\nDit fantastische dressoir, uitgevoerd in palissander ziet er prachtig uit door zijn strakke vormgeving en chrome pootjes. \r\n\r\nOntwerp periode: 1950 &#8211; 1960\r\nStijl: Mid century modern &#8211; Scandinavisch design &#8211; Deens design\r\nMateriaal: Palissander \r\nConditie: in goede vintage staat, alle sloten werken en lades lopen soepel, de lak heeft krakelee.\r\n\r\n\r\nAfmetingen:\r\nBreedte: 200 cm\r\nHoogte: 76 cm\r\nDiepte: 43 cm","protected":false},"featured_media":8785,"template":"","meta":{"_acf_changed":false},"product_brand":[],"product_cat":[103],"product_tag":[],"class_list":{"0":"post-8784","1":"product","2":"type-product","3":"status-publish","4":"has-post-thumbnail","6":"product_cat-archief","7":"product_shipping_class-koerier","9":"first","10":"outofstock","11":"shipping-taxable","12":"product-type-simple"},"composite_virtual":false,"composite_layout":"","composite_add_to_cart_form_location":"","composite_editable_in_cart":false,"composite_sold_individually_context":"","composite_shop_price_calc":"","composite_components":[],"composite_scenarios":[],"exclude_global_add_ons":[],"addons":[],"acf":[],"yoast_head":null,"yoast_head_json":null,"_links":{"self":[{"href":"https:\/\/www.charmig.nl\/fr\/wp-json\/wp\/v2\/product\/8784","targetHints":{"allow":["GET"]}}],"collection":[{"href":"https:\/\/www.charmig.nl\/fr\/wp-json\/wp\/v2\/product"}],"about":[{"href":"https:\/\/www.charmig.nl\/fr\/wp-json\/wp\/v2\/types\/product"}],"wp:featuredmedia":[{"embeddable":true,"href":"https:\/\/www.charmig.nl\/fr\/wp-json\/wp\/v2\/media\/8785"}],"wp:attachment":[{"href":"https:\/\/www.charmig.nl\/fr\/wp-json\/wp\/v2\/media?parent=8784"}],"wp:term":[{"taxonomy":"product_brand","embeddable":true,"href":"https:\/\/www.charmig.nl\/fr\/wp-json\/wp\/v2\/product_brand?post=8784"},{"taxonomy":"product_cat","embeddable":true,"href":"https:\/\/www.charmig.nl\/fr\/wp-json\/wp\/v2\/product_cat?post=8784"},{"taxonomy":"product_tag","embeddable":true,"href":"https:\/\/www.charmig.nl\/fr\/wp-json\/wp\/v2\/product_tag?post=8784"}],"curies":[{"name":"wp","href":"https:\/\/api.w.org\/{rel}","templated":true}]}}