{"id":8846,"date":"2023-06-30T15:14:12","date_gmt":"2023-06-30T13:14:12","guid":{"rendered":"https:\/\/www.charmig.nl\/?post_type=product&#038;p=8846"},"modified":"2026-02-24T09:00:56","modified_gmt":"2026-02-24T08:00:56","slug":"vintage-ronde-eettafel-ovaal-teak-uitschuifbaar-1960s-2","status":"publish","type":"product","link":"https:\/\/www.charmig.nl\/fr\/produit\/archives\/vintage-ronde-eettafel-ovaal-teak-uitschuifbaar-1960s-2\/","title":{"rendered":"Table de salle \u00e0 manger ronde vintage | Ovale | Teck | Extensible | 1960s"},"content":{"rendered":"","protected":false},"excerpt":{"rendered":"Num\u00e9ro d'article : 210847\r\n\r\nCette table de salle \u00e0 manger multifonctionnelle est incroyablement pratique. Sans feuilles suppl\u00e9mentaires, il s'agit d'une table ronde, mais si vous placez 1 ou 2 feuilles suppl\u00e9mentaires entre les deux, elle devient soudain une table ovale \u00e0 laquelle vous pouvez d\u00eener avec toute une compagnie.\r\n\r\nP\u00e9riode de cr\u00e9ation : 1950-1960\r\nStyle : Mid century modern, scandinavian design\r\n\u00c9tat : En bon \u00e9tat vintage. L\u00e9g\u00e8re d\u00e9coloration sur le plateau.\r\n\r\n\r\nDimensions de l'objet\r\nDiam\u00e8tre : 119 cm\r\nD\u00e9ploy\u00e9 avec 1 plateau : 169 cm\r\nD\u00e9ploy\u00e9 avec 2 lames : 219 cm\r\nHauteur : 74 cm","protected":false},"featured_media":8848,"template":"","meta":{"_acf_changed":false},"product_brand":[],"product_cat":[103],"product_tag":[],"class_list":{"0":"post-8846","1":"product","2":"type-product","3":"status-publish","4":"has-post-thumbnail","6":"product_cat-archief","7":"product_shipping_class-koerier","9":"first","10":"outofstock","11":"shipping-taxable","12":"product-type-simple"},"composite_virtual":false,"composite_layout":"","composite_add_to_cart_form_location":"","composite_editable_in_cart":false,"composite_sold_individually_context":"","composite_shop_price_calc":"","composite_components":[],"composite_scenarios":[],"exclude_global_add_ons":[],"addons":[],"acf":[],"yoast_head":null,"yoast_head_json":null,"_links":{"self":[{"href":"https:\/\/www.charmig.nl\/fr\/wp-json\/wp\/v2\/product\/8846","targetHints":{"allow":["GET"]}}],"collection":[{"href":"https:\/\/www.charmig.nl\/fr\/wp-json\/wp\/v2\/product"}],"about":[{"href":"https:\/\/www.charmig.nl\/fr\/wp-json\/wp\/v2\/types\/product"}],"wp:featuredmedia":[{"embeddable":true,"href":"https:\/\/www.charmig.nl\/fr\/wp-json\/wp\/v2\/media\/8848"}],"wp:attachment":[{"href":"https:\/\/www.charmig.nl\/fr\/wp-json\/wp\/v2\/media?parent=8846"}],"wp:term":[{"taxonomy":"product_brand","embeddable":true,"href":"https:\/\/www.charmig.nl\/fr\/wp-json\/wp\/v2\/product_brand?post=8846"},{"taxonomy":"product_cat","embeddable":true,"href":"https:\/\/www.charmig.nl\/fr\/wp-json\/wp\/v2\/product_cat?post=8846"},{"taxonomy":"product_tag","embeddable":true,"href":"https:\/\/www.charmig.nl\/fr\/wp-json\/wp\/v2\/product_tag?post=8846"}],"curies":[{"name":"wp","href":"https:\/\/api.w.org\/{rel}","templated":true}]}}