{"id":8976,"date":"2023-08-09T11:18:46","date_gmt":"2023-08-09T09:18:46","guid":{"rendered":"https:\/\/www.charmig.nl\/?post_type=product&#038;p=8976"},"modified":"2026-02-24T09:00:56","modified_gmt":"2026-02-24T08:00:56","slug":"vintage-buffet-mid-century-modern-teak-170-cm","status":"publish","type":"product","link":"https:\/\/www.charmig.nl\/fr\/produit\/archives\/vintage-buffet-mid-century-modern-teak-170-cm\/","title":{"rendered":"Buffet vintage | Mid Century Modern | Teck | 170 cm"},"content":{"rendered":"","protected":false},"excerpt":{"rendered":"Num\u00e9ro d'article : 210888\r\n\r\nFantastique buffet vintage, qui s'int\u00e8gre parfaitement dans diff\u00e9rents styles d'int\u00e9rieur ! Ce meuble se distingue imm\u00e9diatement par son beau design ; les tiroirs sont dot\u00e9s de poign\u00e9es en bois encastr\u00e9es.\r\n\r\n    P\u00e9riode de cr\u00e9ation : 1950-1960\r\n    Style : Mid century modern\r\n    Mat\u00e9riau : Teck\r\n    \u00c9tat : En bon \u00e9tat vintage.\r\n    Designer : inconnu\r\n\r\nDimensions du meuble\r\nLargeur : 170 cm\r\nProfondeur : 43 cm\r\nHauteur : 77 cm","protected":false},"featured_media":8978,"template":"","meta":{"_acf_changed":false},"product_brand":[],"product_cat":[103],"product_tag":[],"class_list":{"0":"post-8976","1":"product","2":"type-product","3":"status-publish","4":"has-post-thumbnail","6":"product_cat-archief","7":"product_shipping_class-koerier","9":"first","10":"outofstock","11":"shipping-taxable","12":"product-type-simple"},"composite_virtual":false,"composite_layout":"","composite_add_to_cart_form_location":"","composite_editable_in_cart":false,"composite_sold_individually_context":"","composite_shop_price_calc":"","composite_components":[],"composite_scenarios":[],"exclude_global_add_ons":[],"addons":[],"acf":[],"yoast_head":null,"yoast_head_json":null,"_links":{"self":[{"href":"https:\/\/www.charmig.nl\/fr\/wp-json\/wp\/v2\/product\/8976","targetHints":{"allow":["GET"]}}],"collection":[{"href":"https:\/\/www.charmig.nl\/fr\/wp-json\/wp\/v2\/product"}],"about":[{"href":"https:\/\/www.charmig.nl\/fr\/wp-json\/wp\/v2\/types\/product"}],"wp:featuredmedia":[{"embeddable":true,"href":"https:\/\/www.charmig.nl\/fr\/wp-json\/wp\/v2\/media\/8978"}],"wp:attachment":[{"href":"https:\/\/www.charmig.nl\/fr\/wp-json\/wp\/v2\/media?parent=8976"}],"wp:term":[{"taxonomy":"product_brand","embeddable":true,"href":"https:\/\/www.charmig.nl\/fr\/wp-json\/wp\/v2\/product_brand?post=8976"},{"taxonomy":"product_cat","embeddable":true,"href":"https:\/\/www.charmig.nl\/fr\/wp-json\/wp\/v2\/product_cat?post=8976"},{"taxonomy":"product_tag","embeddable":true,"href":"https:\/\/www.charmig.nl\/fr\/wp-json\/wp\/v2\/product_tag?post=8976"}],"curies":[{"name":"wp","href":"https:\/\/api.w.org\/{rel}","templated":true}]}}