{"id":9054,"date":"2023-08-25T12:48:27","date_gmt":"2023-08-25T10:48:27","guid":{"rendered":"https:\/\/www.charmig.nl\/?post_type=product&#038;p=9054"},"modified":"2026-04-23T09:35:33","modified_gmt":"2026-04-23T07:35:33","slug":"vintage-buffet-mid-century-modern-palissander-220-cm","status":"publish","type":"product","link":"https:\/\/www.charmig.nl\/fr\/product\/archief\/vintage-dressoir-mid-century-modern-palissander-220-cm\/","title":{"rendered":"Buffet vintage | Mid Century Modern | Bois de rose | 220 cm"},"content":{"rendered":"","protected":false},"excerpt":{"rendered":"Num\u00e9ro d'article : 210876\r\n\r\nFantastique buffet vintage qui s'int\u00e8gre parfaitement dans une vari\u00e9t\u00e9 de styles d'int\u00e9rieur ! Ce meuble attire imm\u00e9diatement l'attention par le magnifique motif du bois qui est si caract\u00e9ristique du bois de rose. Derri\u00e8re la porte droite se trouvent 5 tiroirs.\r\n\r\n    P\u00e9riode de cr\u00e9ation : 1950-1960\r\n    Style : Mid century modern\r\n    Mat\u00e9riau : Bois de rose\r\n    Condition : En bon \u00e9tat vintage.\r\n    Designer : inconnu\r\n\r\nLes dimensions\r\nLargeur : 220 cm\r\nProfondeur : 44 cm\r\nHauteur : 82 cm","protected":false},"featured_media":9069,"template":"","meta":{"_acf_changed":false},"product_brand":[],"product_cat":[103],"product_tag":[],"class_list":{"0":"post-9054","1":"product","2":"type-product","3":"status-publish","4":"has-post-thumbnail","6":"product_cat-archief","7":"product_shipping_class-koerier","9":"first","10":"outofstock","11":"shipping-taxable","12":"product-type-simple"},"composite_virtual":false,"composite_layout":"","composite_add_to_cart_form_location":"","composite_editable_in_cart":false,"composite_sold_individually_context":"","composite_shop_price_calc":"","composite_components":[],"composite_scenarios":[],"exclude_global_add_ons":[],"addons":[],"acf":[],"yoast_head":null,"yoast_head_json":null,"_links":{"self":[{"href":"https:\/\/www.charmig.nl\/fr\/wp-json\/wp\/v2\/product\/9054","targetHints":{"allow":["GET"]}}],"collection":[{"href":"https:\/\/www.charmig.nl\/fr\/wp-json\/wp\/v2\/product"}],"about":[{"href":"https:\/\/www.charmig.nl\/fr\/wp-json\/wp\/v2\/types\/product"}],"wp:featuredmedia":[{"embeddable":true,"href":"https:\/\/www.charmig.nl\/fr\/wp-json\/wp\/v2\/media\/9069"}],"wp:attachment":[{"href":"https:\/\/www.charmig.nl\/fr\/wp-json\/wp\/v2\/media?parent=9054"}],"wp:term":[{"taxonomy":"product_brand","embeddable":true,"href":"https:\/\/www.charmig.nl\/fr\/wp-json\/wp\/v2\/product_brand?post=9054"},{"taxonomy":"product_cat","embeddable":true,"href":"https:\/\/www.charmig.nl\/fr\/wp-json\/wp\/v2\/product_cat?post=9054"},{"taxonomy":"product_tag","embeddable":true,"href":"https:\/\/www.charmig.nl\/fr\/wp-json\/wp\/v2\/product_tag?post=9054"}],"curies":[{"name":"wp","href":"https:\/\/api.w.org\/{rel}","templated":true}]}}