{"id":9181,"date":"2023-08-28T19:27:34","date_gmt":"2023-08-28T17:27:34","guid":{"rendered":"https:\/\/www.charmig.nl\/?post_type=product&#038;p=9181"},"modified":"2026-02-24T09:00:58","modified_gmt":"2026-02-24T08:00:58","slug":"vintage-teak-buffet-swiss-teak-adolf-suter-mid-century-modern-220-cm","status":"publish","type":"product","link":"https:\/\/www.charmig.nl\/fr\/produit\/archives\/vintage-teak-buffet-swiss-teak-adolf-suter-mid-century-modern-220-cm\/","title":{"rendered":"Buffet Vintage en Teck | Teck Suisse | Adolf Suter | Mid Century Modern | 220 cm"},"content":{"rendered":"","protected":false},"excerpt":{"rendered":"Num\u00e9ro d'article : 210895\r\n\r\nFantastique buffet en teck de tr\u00e8s haute qualit\u00e9, produit par Swiss Teak et con\u00e7u par Adolf Suter. Le meuble vintage est en teck et a trois portes ouvrantes, 2 tiroirs et un meuble \u00e0 abattant avec une plaque de verre noire sur le fond.\r\n\r\n    P\u00e9riode de conception : 1950-1960\r\n    Style : Moderne du milieu du si\u00e8cle\r\n    Mat\u00e9riau : Teck\r\n    Condition : En bon \u00e9tat. 2 cl\u00e9s d'origine pr\u00e9sentes.\r\n    Designer : Adolf Suter\r\n    Fabricant : Swiss Teak\r\n\r\nDimensions : Largeur : 220 cm :\r\nLargeur : 220 cm\r\nProfondeur : 47 cm\r\nHauteur : 90 cm","protected":false},"featured_media":9182,"template":"","meta":{"_acf_changed":false},"product_brand":[],"product_cat":[103],"product_tag":[],"class_list":{"0":"post-9181","1":"product","2":"type-product","3":"status-publish","4":"has-post-thumbnail","6":"product_cat-archief","7":"product_shipping_class-koerier","9":"first","10":"outofstock","11":"shipping-taxable","12":"product-type-simple"},"composite_virtual":false,"composite_layout":"","composite_add_to_cart_form_location":"","composite_editable_in_cart":false,"composite_sold_individually_context":"","composite_shop_price_calc":"","composite_components":[],"composite_scenarios":[],"exclude_global_add_ons":[],"addons":[],"acf":[],"yoast_head":null,"yoast_head_json":null,"_links":{"self":[{"href":"https:\/\/www.charmig.nl\/fr\/wp-json\/wp\/v2\/product\/9181","targetHints":{"allow":["GET"]}}],"collection":[{"href":"https:\/\/www.charmig.nl\/fr\/wp-json\/wp\/v2\/product"}],"about":[{"href":"https:\/\/www.charmig.nl\/fr\/wp-json\/wp\/v2\/types\/product"}],"wp:featuredmedia":[{"embeddable":true,"href":"https:\/\/www.charmig.nl\/fr\/wp-json\/wp\/v2\/media\/9182"}],"wp:attachment":[{"href":"https:\/\/www.charmig.nl\/fr\/wp-json\/wp\/v2\/media?parent=9181"}],"wp:term":[{"taxonomy":"product_brand","embeddable":true,"href":"https:\/\/www.charmig.nl\/fr\/wp-json\/wp\/v2\/product_brand?post=9181"},{"taxonomy":"product_cat","embeddable":true,"href":"https:\/\/www.charmig.nl\/fr\/wp-json\/wp\/v2\/product_cat?post=9181"},{"taxonomy":"product_tag","embeddable":true,"href":"https:\/\/www.charmig.nl\/fr\/wp-json\/wp\/v2\/product_tag?post=9181"}],"curies":[{"name":"wp","href":"https:\/\/api.w.org\/{rel}","templated":true}]}}