{"id":9201,"date":"2023-08-29T08:57:31","date_gmt":"2023-08-29T06:57:31","guid":{"rendered":"https:\/\/www.charmig.nl\/?post_type=product&#038;p=9201"},"modified":"2026-04-23T09:35:35","modified_gmt":"2026-04-23T07:35:35","slug":"vintage-placard-highboard-cabinet-teak-1960s","status":"publish","type":"product","link":"https:\/\/www.charmig.nl\/fr\/product\/archief\/vintage-kast-highboard-servieskast-teak-1960s\/","title":{"rendered":"Meuble vintage | Buffet haut | Meuble de service | Teck | 1960s"},"content":{"rendered":"","protected":false},"excerpt":{"rendered":"Num\u00e9ro d'article : 210810\r\n\r\nFantastique meuble haut qui dispose d'un grand espace de rangement et d'un joli bar. L'armoire vintage est tr\u00e8s \u00e9l\u00e9gante gr\u00e2ce aux belles poign\u00e9es en bois. L'armoire se compose de deux parties et est donc plus facile \u00e0 transporter.\r\n\r\n    P\u00e9riode de conception : 1950-1960\r\n    Style : moderne du milieu du si\u00e8cle\r\n    Mat\u00e9riau : teck\r\n    Condition : En bon \u00e9tat vintage, r\u00e9paration du placage sur l'abattant de la barre, deux \u00e9tag\u00e8res ne sont pas d'origine.\r\n    Marque : Merkloos","protected":false},"featured_media":9203,"template":"","meta":{"_acf_changed":false},"product_brand":[],"product_cat":[103],"product_tag":[],"class_list":{"0":"post-9201","1":"product","2":"type-product","3":"status-publish","4":"has-post-thumbnail","6":"product_cat-archief","7":"product_shipping_class-koerier","9":"first","10":"outofstock","11":"shipping-taxable","12":"product-type-simple"},"composite_virtual":false,"composite_layout":"","composite_add_to_cart_form_location":"","composite_editable_in_cart":false,"composite_sold_individually_context":"","composite_shop_price_calc":"","composite_components":[],"composite_scenarios":[],"exclude_global_add_ons":[],"addons":[],"acf":[],"yoast_head":null,"yoast_head_json":null,"_links":{"self":[{"href":"https:\/\/www.charmig.nl\/fr\/wp-json\/wp\/v2\/product\/9201","targetHints":{"allow":["GET"]}}],"collection":[{"href":"https:\/\/www.charmig.nl\/fr\/wp-json\/wp\/v2\/product"}],"about":[{"href":"https:\/\/www.charmig.nl\/fr\/wp-json\/wp\/v2\/types\/product"}],"wp:featuredmedia":[{"embeddable":true,"href":"https:\/\/www.charmig.nl\/fr\/wp-json\/wp\/v2\/media\/9203"}],"wp:attachment":[{"href":"https:\/\/www.charmig.nl\/fr\/wp-json\/wp\/v2\/media?parent=9201"}],"wp:term":[{"taxonomy":"product_brand","embeddable":true,"href":"https:\/\/www.charmig.nl\/fr\/wp-json\/wp\/v2\/product_brand?post=9201"},{"taxonomy":"product_cat","embeddable":true,"href":"https:\/\/www.charmig.nl\/fr\/wp-json\/wp\/v2\/product_cat?post=9201"},{"taxonomy":"product_tag","embeddable":true,"href":"https:\/\/www.charmig.nl\/fr\/wp-json\/wp\/v2\/product_tag?post=9201"}],"curies":[{"name":"wp","href":"https:\/\/api.w.org\/{rel}","templated":true}]}}