{"id":9224,"date":"2023-09-05T09:12:38","date_gmt":"2023-09-05T07:12:38","guid":{"rendered":"https:\/\/www.charmig.nl\/?post_type=product&#038;p=9224"},"modified":"2026-04-23T09:35:35","modified_gmt":"2026-04-23T07:35:35","slug":"buffet-deens-design-h-p-hansen-teak-170-cm-27","status":"publish","type":"product","link":"https:\/\/www.charmig.nl\/fr\/product\/archief\/set-deense-nachtkastjes-vintage-teak-mid-century\/","title":{"rendered":"Ensemble de tables de chevet danoises | Vintage | Teck | Mid-Century"},"content":{"rendered":"","protected":false},"excerpt":{"rendered":"Num\u00e9ro d'article : 210905\r\n\r\nSuperbe et rare ensemble de tables de chevet vintage, en provenance du Danemark. Ces tables de chevet sont en tr\u00e8s bon \u00e9tat et offrent une ambiance instantan\u00e9e.\r\n\r\nP\u00e9riode de cr\u00e9ation : 1950 - 1960\r\nStyle : moderne du milieu du si\u00e8cle - scandinave\r\n\u00c9tat : bon \u00e9tat vintage\r\nDesigner : sans marque\r\n\r\nLes dimensions\r\nLargeur : 57 cm\r\nProfondeur : 31 cm\r\nHauteur : 50 cm","protected":false},"featured_media":9225,"template":"","meta":{"_acf_changed":false},"product_brand":[],"product_cat":[103],"product_tag":[],"class_list":{"0":"post-9224","1":"product","2":"type-product","3":"status-publish","4":"has-post-thumbnail","6":"product_cat-archief","7":"product_shipping_class-koerier","9":"first","10":"outofstock","11":"shipping-taxable","12":"product-type-simple"},"composite_virtual":false,"composite_layout":"","composite_add_to_cart_form_location":"","composite_editable_in_cart":false,"composite_sold_individually_context":"","composite_shop_price_calc":"","composite_components":[],"composite_scenarios":[],"exclude_global_add_ons":[],"addons":[],"acf":[],"yoast_head":null,"yoast_head_json":null,"_links":{"self":[{"href":"https:\/\/www.charmig.nl\/fr\/wp-json\/wp\/v2\/product\/9224","targetHints":{"allow":["GET"]}}],"collection":[{"href":"https:\/\/www.charmig.nl\/fr\/wp-json\/wp\/v2\/product"}],"about":[{"href":"https:\/\/www.charmig.nl\/fr\/wp-json\/wp\/v2\/types\/product"}],"wp:featuredmedia":[{"embeddable":true,"href":"https:\/\/www.charmig.nl\/fr\/wp-json\/wp\/v2\/media\/9225"}],"wp:attachment":[{"href":"https:\/\/www.charmig.nl\/fr\/wp-json\/wp\/v2\/media?parent=9224"}],"wp:term":[{"taxonomy":"product_brand","embeddable":true,"href":"https:\/\/www.charmig.nl\/fr\/wp-json\/wp\/v2\/product_brand?post=9224"},{"taxonomy":"product_cat","embeddable":true,"href":"https:\/\/www.charmig.nl\/fr\/wp-json\/wp\/v2\/product_cat?post=9224"},{"taxonomy":"product_tag","embeddable":true,"href":"https:\/\/www.charmig.nl\/fr\/wp-json\/wp\/v2\/product_tag?post=9224"}],"curies":[{"name":"wp","href":"https:\/\/api.w.org\/{rel}","templated":true}]}}