{"id":9250,"date":"2023-09-05T09:55:42","date_gmt":"2023-09-05T07:55:42","guid":{"rendered":"https:\/\/www.charmig.nl\/?post_type=product&#038;p=9250"},"modified":"2026-02-24T09:00:58","modified_gmt":"2026-02-24T08:00:58","slug":"vintage-kast-highboard-danois-teak-mid-century","status":"publish","type":"product","link":"https:\/\/www.charmig.nl\/fr\/produit\/archives\/vintage-kast-highboard-danois-teak-mid-century\/","title":{"rendered":"Armoire vintage | Planche haute | Danoise | Teck | Milieu du si\u00e8cle"},"content":{"rendered":"","protected":false},"excerpt":{"rendered":"Num\u00e9ro d'article : 210905\r\n\r\nFantastique meuble haut qui offre beaucoup d'espace de rangement. L'armoire vintage est tr\u00e8s \u00e9l\u00e9gante gr\u00e2ce aux belles poign\u00e9es en bois sur les tiroirs. L'armoire murale vient du Danemark et est en bon \u00e9tat.\r\n\r\n    P\u00e9riode de cr\u00e9ation : 1950-1960\r\n    Style : moderne du milieu du si\u00e8cle\r\n    Mat\u00e9riau : teck\r\n    Condition : En bon \u00e9tat vintage.\r\n    Marque : Sans marque","protected":false},"featured_media":9251,"template":"","meta":{"_acf_changed":false},"product_brand":[],"product_cat":[103],"product_tag":[],"class_list":{"0":"post-9250","1":"product","2":"type-product","3":"status-publish","4":"has-post-thumbnail","6":"product_cat-archief","7":"product_shipping_class-koerier","9":"first","10":"outofstock","11":"shipping-taxable","12":"product-type-simple"},"composite_virtual":false,"composite_layout":"","composite_add_to_cart_form_location":"","composite_editable_in_cart":false,"composite_sold_individually_context":"","composite_shop_price_calc":"","composite_components":[],"composite_scenarios":[],"exclude_global_add_ons":[],"addons":[],"acf":[],"yoast_head":null,"yoast_head_json":null,"_links":{"self":[{"href":"https:\/\/www.charmig.nl\/fr\/wp-json\/wp\/v2\/product\/9250","targetHints":{"allow":["GET"]}}],"collection":[{"href":"https:\/\/www.charmig.nl\/fr\/wp-json\/wp\/v2\/product"}],"about":[{"href":"https:\/\/www.charmig.nl\/fr\/wp-json\/wp\/v2\/types\/product"}],"wp:featuredmedia":[{"embeddable":true,"href":"https:\/\/www.charmig.nl\/fr\/wp-json\/wp\/v2\/media\/9251"}],"wp:attachment":[{"href":"https:\/\/www.charmig.nl\/fr\/wp-json\/wp\/v2\/media?parent=9250"}],"wp:term":[{"taxonomy":"product_brand","embeddable":true,"href":"https:\/\/www.charmig.nl\/fr\/wp-json\/wp\/v2\/product_brand?post=9250"},{"taxonomy":"product_cat","embeddable":true,"href":"https:\/\/www.charmig.nl\/fr\/wp-json\/wp\/v2\/product_cat?post=9250"},{"taxonomy":"product_tag","embeddable":true,"href":"https:\/\/www.charmig.nl\/fr\/wp-json\/wp\/v2\/product_tag?post=9250"}],"curies":[{"name":"wp","href":"https:\/\/api.w.org\/{rel}","templated":true}]}}