{"id":9567,"date":"2023-09-15T11:07:48","date_gmt":"2023-09-15T09:07:48","guid":{"rendered":"https:\/\/www.charmig.nl\/?post_type=product&#038;p=9567"},"modified":"2026-02-24T09:01:00","modified_gmt":"2026-02-24T08:01:00","slug":"table-de-salle-a-manger-extensible-en-teck-dorigine-danoise","status":"publish","type":"product","link":"https:\/\/www.charmig.nl\/fr\/produit\/archives\/table-de-salle-a-manger-extensible-en-teck-dorigine-danoise\/","title":{"rendered":"Table de salle \u00e0 manger extensible en teck d'origine danoise"},"content":{"rendered":"","protected":false},"excerpt":{"rendered":"Num\u00e9ro d'article : 210920\r\n\r\nCette table de salle \u00e0 manger danoise est fabriqu\u00e9e en teck. La table de salle \u00e0 manger ronde peut \u00eatre rallong\u00e9e par deux feuilles interm\u00e9diaires et devient alors ovale.\r\n\r\nP\u00e9riode de conception : 1950-1960\r\nStyle : moderne du milieu du si\u00e8cle, design scandinave\r\nCondition : En bon \u00e9tat vintage avec des traces d'utilisation.\r\n\r\nLes dimensions\r\nDiam\u00e8tre : 120 cm\r\nD\u00e9pli\u00e9 avec 1 plateau : 170 cm\r\nD\u00e9ploy\u00e9 avec 2 feuilles : 220 cm\r\nHauteur : 73 cm","protected":false},"featured_media":9568,"template":"","meta":{"_acf_changed":false},"product_brand":[],"product_cat":[103],"product_tag":[],"class_list":{"0":"post-9567","1":"product","2":"type-product","3":"status-publish","4":"has-post-thumbnail","6":"product_cat-archief","7":"product_shipping_class-koerier","9":"first","10":"outofstock","11":"shipping-taxable","12":"product-type-simple"},"composite_virtual":false,"composite_layout":"","composite_add_to_cart_form_location":"","composite_editable_in_cart":false,"composite_sold_individually_context":"","composite_shop_price_calc":"","composite_components":[],"composite_scenarios":[],"exclude_global_add_ons":[],"addons":[],"acf":[],"yoast_head":null,"yoast_head_json":null,"_links":{"self":[{"href":"https:\/\/www.charmig.nl\/fr\/wp-json\/wp\/v2\/product\/9567","targetHints":{"allow":["GET"]}}],"collection":[{"href":"https:\/\/www.charmig.nl\/fr\/wp-json\/wp\/v2\/product"}],"about":[{"href":"https:\/\/www.charmig.nl\/fr\/wp-json\/wp\/v2\/types\/product"}],"wp:featuredmedia":[{"embeddable":true,"href":"https:\/\/www.charmig.nl\/fr\/wp-json\/wp\/v2\/media\/9568"}],"wp:attachment":[{"href":"https:\/\/www.charmig.nl\/fr\/wp-json\/wp\/v2\/media?parent=9567"}],"wp:term":[{"taxonomy":"product_brand","embeddable":true,"href":"https:\/\/www.charmig.nl\/fr\/wp-json\/wp\/v2\/product_brand?post=9567"},{"taxonomy":"product_cat","embeddable":true,"href":"https:\/\/www.charmig.nl\/fr\/wp-json\/wp\/v2\/product_cat?post=9567"},{"taxonomy":"product_tag","embeddable":true,"href":"https:\/\/www.charmig.nl\/fr\/wp-json\/wp\/v2\/product_tag?post=9567"}],"curies":[{"name":"wp","href":"https:\/\/api.w.org\/{rel}","templated":true}]}}