{"id":9593,"date":"2023-09-18T14:05:19","date_gmt":"2023-09-18T12:05:19","guid":{"rendered":"https:\/\/www.charmig.nl\/?post_type=product&#038;p=9593"},"modified":"2026-02-24T09:01:00","modified_gmt":"2026-02-24T08:01:00","slug":"whb-wandsysteem-teak-modulair-1960s","status":"publish","type":"product","link":"https:\/\/www.charmig.nl\/fr\/produit\/archives\/whb-wandsysteem-teak-modulair-1960s\/","title":{"rendered":"WHB Syst\u00e8me mural | Teck | Modulaire | 1960s"},"content":{"rendered":"","protected":false},"excerpt":{"rendered":"Num\u00e9ro d'article : 210814\r\n\r\nMagnifique syst\u00e8me mural modulaire de WHB. Un tr\u00e8s beau design \u00e9pur\u00e9 des ann\u00e9es 1960 en Allemagne.  Le syst\u00e8me est fait de m\u00e9tal et de teck.\r\n\r\nLe syst\u00e8me mural est modulaire et peut \u00eatre arrang\u00e9 comme vous le souhaitez.\r\n\r\nP\u00e9riode de conception : 1950-1960\r\nStyle : Mid century modern, scandinavian design\r\n\u00c9tat : En tr\u00e8s bon \u00e9tat.\r\nPays d'origine : Allemagne\r\nMarque : WHB\r\nMat\u00e9riau : Teck, m\u00e9tal\r\n\r\nLargeur : 145 cm\r\nHauteur : 227 cm\r\nProfondeur : 39 cm","protected":false},"featured_media":9594,"template":"","meta":{"_acf_changed":false},"product_brand":[],"product_cat":[103],"product_tag":[],"class_list":{"0":"post-9593","1":"product","2":"type-product","3":"status-publish","4":"has-post-thumbnail","6":"product_cat-archief","7":"product_shipping_class-koerier","9":"first","10":"outofstock","11":"shipping-taxable","12":"product-type-simple"},"composite_virtual":false,"composite_layout":"","composite_add_to_cart_form_location":"","composite_editable_in_cart":false,"composite_sold_individually_context":"","composite_shop_price_calc":"","composite_components":[],"composite_scenarios":[],"exclude_global_add_ons":[],"addons":[],"acf":[],"yoast_head":null,"yoast_head_json":null,"_links":{"self":[{"href":"https:\/\/www.charmig.nl\/fr\/wp-json\/wp\/v2\/product\/9593","targetHints":{"allow":["GET"]}}],"collection":[{"href":"https:\/\/www.charmig.nl\/fr\/wp-json\/wp\/v2\/product"}],"about":[{"href":"https:\/\/www.charmig.nl\/fr\/wp-json\/wp\/v2\/types\/product"}],"wp:featuredmedia":[{"embeddable":true,"href":"https:\/\/www.charmig.nl\/fr\/wp-json\/wp\/v2\/media\/9594"}],"wp:attachment":[{"href":"https:\/\/www.charmig.nl\/fr\/wp-json\/wp\/v2\/media?parent=9593"}],"wp:term":[{"taxonomy":"product_brand","embeddable":true,"href":"https:\/\/www.charmig.nl\/fr\/wp-json\/wp\/v2\/product_brand?post=9593"},{"taxonomy":"product_cat","embeddable":true,"href":"https:\/\/www.charmig.nl\/fr\/wp-json\/wp\/v2\/product_cat?post=9593"},{"taxonomy":"product_tag","embeddable":true,"href":"https:\/\/www.charmig.nl\/fr\/wp-json\/wp\/v2\/product_tag?post=9593"}],"curies":[{"name":"wp","href":"https:\/\/api.w.org\/{rel}","templated":true}]}}