{"id":9632,"date":"2023-09-29T11:39:11","date_gmt":"2023-09-29T09:39:11","guid":{"rendered":"https:\/\/www.charmig.nl\/?post_type=product&#038;p=9632"},"modified":"2026-02-24T09:01:01","modified_gmt":"2026-02-24T08:01:01","slug":"able-a-manger-ronde-vintage-en-teck-112-cm","status":"publish","type":"product","link":"https:\/\/www.charmig.nl\/fr\/produit\/archives\/able-a-manger-ronde-vintage-en-teck-112-cm\/","title":{"rendered":"Table de salle \u00e0 manger ronde en teck 112 cm"},"content":{"rendered":"","protected":false},"excerpt":{"rendered":"Num\u00e9ro d'article : 210918\r\n\r\nCette table de salle \u00e0 manger danoise est fabriqu\u00e9e en teck. La table ronde peut \u00eatre rallong\u00e9e par une feuille interm\u00e9diaire et devient alors ovale.\r\n\r\nP\u00e9riode de conception : 1950-1960\r\nStyle : moderne du milieu du si\u00e8cle, design scandinave\r\nCondition : En bon \u00e9tat vintage avec de l\u00e9g\u00e8res traces d'utilisation, correspondant \u00e0 l'\u00e2ge du meuble.\r\nLes dimensions\r\nDiam\u00e8tre : 112 cm\r\nLongueur avec 1 plateau : 160 cm\r\nHauteur : 73 cm","protected":false},"featured_media":9633,"template":"","meta":{"_acf_changed":false},"product_brand":[],"product_cat":[103],"product_tag":[],"class_list":{"0":"post-9632","1":"product","2":"type-product","3":"status-publish","4":"has-post-thumbnail","6":"product_cat-archief","7":"product_shipping_class-koerier","9":"first","10":"outofstock","11":"shipping-taxable","12":"product-type-simple"},"composite_virtual":false,"composite_layout":"","composite_add_to_cart_form_location":"","composite_editable_in_cart":false,"composite_sold_individually_context":"","composite_shop_price_calc":"","composite_components":[],"composite_scenarios":[],"exclude_global_add_ons":[],"addons":[],"acf":[],"yoast_head":null,"yoast_head_json":null,"_links":{"self":[{"href":"https:\/\/www.charmig.nl\/fr\/wp-json\/wp\/v2\/product\/9632","targetHints":{"allow":["GET"]}}],"collection":[{"href":"https:\/\/www.charmig.nl\/fr\/wp-json\/wp\/v2\/product"}],"about":[{"href":"https:\/\/www.charmig.nl\/fr\/wp-json\/wp\/v2\/types\/product"}],"wp:featuredmedia":[{"embeddable":true,"href":"https:\/\/www.charmig.nl\/fr\/wp-json\/wp\/v2\/media\/9633"}],"wp:attachment":[{"href":"https:\/\/www.charmig.nl\/fr\/wp-json\/wp\/v2\/media?parent=9632"}],"wp:term":[{"taxonomy":"product_brand","embeddable":true,"href":"https:\/\/www.charmig.nl\/fr\/wp-json\/wp\/v2\/product_brand?post=9632"},{"taxonomy":"product_cat","embeddable":true,"href":"https:\/\/www.charmig.nl\/fr\/wp-json\/wp\/v2\/product_cat?post=9632"},{"taxonomy":"product_tag","embeddable":true,"href":"https:\/\/www.charmig.nl\/fr\/wp-json\/wp\/v2\/product_tag?post=9632"}],"curies":[{"name":"wp","href":"https:\/\/api.w.org\/{rel}","templated":true}]}}