{"id":9669,"date":"2023-09-29T14:13:03","date_gmt":"2023-09-29T12:13:03","guid":{"rendered":"https:\/\/www.charmig.nl\/?post_type=product&#038;p=9669"},"modified":"2026-04-23T09:35:38","modified_gmt":"2026-04-23T07:35:38","slug":"systeme-mural-xl-whb-noir-teak","status":"publish","type":"product","link":"https:\/\/www.charmig.nl\/fr\/produit\/archives\/systeme-mural-xl-whb-noir-teak\/","title":{"rendered":"Syst\u00e8me mural vintage | Omnia Hilker | Teck |"},"content":{"rendered":"","protected":false},"excerpt":{"rendered":"Num\u00e9ro d'article : 210841\r\n\r\nMagnifique syst\u00e8me mural modulaire g\u00e9n\u00e9reux de la marque Omnia. Id\u00e9al pour une utilisation en tant que biblioth\u00e8que vintage. Un beau design \u00e9pur\u00e9 des ann\u00e9es 1960.  Le syst\u00e8me est fabriqu\u00e9 en m\u00e9tal et en teck.\r\n\r\nLe syst\u00e8me mural est modulaire et peut \u00eatre arrang\u00e9 \u00e0 votre guise.\r\n\r\nP\u00e9riode de conception : 1950-1960\r\nStyle : Mid century modern, scandinavian design\r\n\u00c9tat : En tr\u00e8s bon \u00e9tat.\r\nPays d'origine : Allemagne\r\nMat\u00e9riau : Teck, m\u00e9tal\r\n\r\nLargeur : 268 cm\r\nHauteur : 220 cm\r\nProfondeur : 41 cm","protected":false},"featured_media":9670,"template":"","meta":{"_acf_changed":false},"product_brand":[],"product_cat":[103],"product_tag":[],"class_list":{"0":"post-9669","1":"product","2":"type-product","3":"status-publish","4":"has-post-thumbnail","6":"product_cat-archief","7":"product_shipping_class-koerier","9":"first","10":"outofstock","11":"shipping-taxable","12":"product-type-simple"},"composite_virtual":false,"composite_layout":"","composite_add_to_cart_form_location":"","composite_editable_in_cart":false,"composite_sold_individually_context":"","composite_shop_price_calc":"","composite_components":[],"composite_scenarios":[],"exclude_global_add_ons":[],"addons":[],"acf":[],"yoast_head":null,"yoast_head_json":null,"_links":{"self":[{"href":"https:\/\/www.charmig.nl\/fr\/wp-json\/wp\/v2\/product\/9669","targetHints":{"allow":["GET"]}}],"collection":[{"href":"https:\/\/www.charmig.nl\/fr\/wp-json\/wp\/v2\/product"}],"about":[{"href":"https:\/\/www.charmig.nl\/fr\/wp-json\/wp\/v2\/types\/product"}],"wp:featuredmedia":[{"embeddable":true,"href":"https:\/\/www.charmig.nl\/fr\/wp-json\/wp\/v2\/media\/9670"}],"wp:attachment":[{"href":"https:\/\/www.charmig.nl\/fr\/wp-json\/wp\/v2\/media?parent=9669"}],"wp:term":[{"taxonomy":"product_brand","embeddable":true,"href":"https:\/\/www.charmig.nl\/fr\/wp-json\/wp\/v2\/product_brand?post=9669"},{"taxonomy":"product_cat","embeddable":true,"href":"https:\/\/www.charmig.nl\/fr\/wp-json\/wp\/v2\/product_cat?post=9669"},{"taxonomy":"product_tag","embeddable":true,"href":"https:\/\/www.charmig.nl\/fr\/wp-json\/wp\/v2\/product_tag?post=9669"}],"curies":[{"name":"wp","href":"https:\/\/api.w.org\/{rel}","templated":true}]}}