{"id":9712,"date":"2023-09-30T10:47:27","date_gmt":"2023-09-30T08:47:27","guid":{"rendered":"https:\/\/www.charmig.nl\/?post_type=product&#038;p=9712"},"modified":"2026-04-23T09:35:39","modified_gmt":"2026-04-23T07:35:39","slug":"vintage-dressoir-ulferts-sweden-teak-183-cm-kopie","status":"publish","type":"product","link":"https:\/\/www.charmig.nl\/fr\/product\/archief\/vintage-dressoir-ulferts-sweden-teak-183-cm-kopie\/","title":{"rendered":"Buffet vintage | Ulferts Sweden | Teck | 183 cm"},"content":{"rendered":"","protected":false},"excerpt":{"rendered":"Artikelnummer: 210843\r\n\r\nPrachtige vintage kast, ontworpen voor Ulferts Sweden in de jaren zestig. De kast heeft een prachtige kleur hout en is van super degelijke kwaliteit en in zeer mooie staat.\r\n\r\nDit vintage dressoir heeft 3 lades met strakke houten vormgegeven grepen en 3 deuren.\r\n\r\nOntwerp periode: 1950-1960\r\nStijl: Mid century modern, Scandinavisch design\r\nMateriaal: Teak\r\nConditie: In goede vintage staat\r\nDesigner: Ulferts Sweden\r\n\r\nAfmetingen:\r\nBreedte: 184 cm\r\nHoogte: 84 cm\r\nDiepte: 43 cm\r\n\r\n<em>\r\nLes articles de la vente d'\u00e9t\u00e9 ne peuvent pas \u00eatre retourn\u00e9s.<\/em>","protected":false},"featured_media":9713,"template":"","meta":{"_acf_changed":false},"product_brand":[],"product_cat":[103],"product_tag":[],"class_list":{"0":"post-9712","1":"product","2":"type-product","3":"status-publish","4":"has-post-thumbnail","6":"product_cat-archief","7":"product_shipping_class-koerier","9":"first","10":"outofstock","11":"shipping-taxable","12":"product-type-simple"},"composite_virtual":false,"composite_layout":"","composite_add_to_cart_form_location":"","composite_editable_in_cart":false,"composite_sold_individually_context":"","composite_shop_price_calc":"","composite_components":[],"composite_scenarios":[],"exclude_global_add_ons":[],"addons":[],"acf":[],"yoast_head":null,"yoast_head_json":null,"_links":{"self":[{"href":"https:\/\/www.charmig.nl\/fr\/wp-json\/wp\/v2\/product\/9712","targetHints":{"allow":["GET"]}}],"collection":[{"href":"https:\/\/www.charmig.nl\/fr\/wp-json\/wp\/v2\/product"}],"about":[{"href":"https:\/\/www.charmig.nl\/fr\/wp-json\/wp\/v2\/types\/product"}],"wp:featuredmedia":[{"embeddable":true,"href":"https:\/\/www.charmig.nl\/fr\/wp-json\/wp\/v2\/media\/9713"}],"wp:attachment":[{"href":"https:\/\/www.charmig.nl\/fr\/wp-json\/wp\/v2\/media?parent=9712"}],"wp:term":[{"taxonomy":"product_brand","embeddable":true,"href":"https:\/\/www.charmig.nl\/fr\/wp-json\/wp\/v2\/product_brand?post=9712"},{"taxonomy":"product_cat","embeddable":true,"href":"https:\/\/www.charmig.nl\/fr\/wp-json\/wp\/v2\/product_cat?post=9712"},{"taxonomy":"product_tag","embeddable":true,"href":"https:\/\/www.charmig.nl\/fr\/wp-json\/wp\/v2\/product_tag?post=9712"}],"curies":[{"name":"wp","href":"https:\/\/api.w.org\/{rel}","templated":true}]}}