{"id":9739,"date":"2023-09-30T12:02:35","date_gmt":"2023-09-30T10:02:35","guid":{"rendered":"https:\/\/www.charmig.nl\/?post_type=product&#038;p=9739"},"modified":"2026-02-24T09:01:02","modified_gmt":"2026-02-24T08:01:02","slug":"vintage-teak-bijzettafel-audiomeubel-sidetable-plantentafel","status":"publish","type":"product","link":"https:\/\/www.charmig.nl\/fr\/produit\/archives\/vintage-teak-bijzettafel-audiomeubel-sidetable-plantentafel\/","title":{"rendered":"Table d'appoint vintage en teck | Meuble audio | Table d'appoint | Table \u00e0 plantes"},"content":{"rendered":"","protected":false},"excerpt":{"rendered":"Num\u00e9ro d'article : 210893\r\n\r\nCon\u00e7u par Louis van Teeffelen pour WEBE. Ce meuble peut \u00eatre utilis\u00e9 par exemple comme meuble audio, table d'appoint, table \u00e0 plantes ou table occasionnelle.\r\n\r\nDimensions du meuble :\r\nLargeur : 75 cm\r\nHauteur : 63 cm\r\nProfondeur : 44 cm","protected":false},"featured_media":9741,"template":"","meta":{"_acf_changed":false},"product_brand":[],"product_cat":[103],"product_tag":[],"class_list":{"0":"post-9739","1":"product","2":"type-product","3":"status-publish","4":"has-post-thumbnail","6":"product_cat-archief","7":"product_shipping_class-koerier","9":"first","10":"outofstock","11":"shipping-taxable","12":"product-type-simple"},"composite_virtual":false,"composite_layout":"","composite_add_to_cart_form_location":"","composite_editable_in_cart":false,"composite_sold_individually_context":"","composite_shop_price_calc":"","composite_components":[],"composite_scenarios":[],"exclude_global_add_ons":[],"addons":[],"acf":[],"yoast_head":null,"yoast_head_json":null,"_links":{"self":[{"href":"https:\/\/www.charmig.nl\/fr\/wp-json\/wp\/v2\/product\/9739","targetHints":{"allow":["GET"]}}],"collection":[{"href":"https:\/\/www.charmig.nl\/fr\/wp-json\/wp\/v2\/product"}],"about":[{"href":"https:\/\/www.charmig.nl\/fr\/wp-json\/wp\/v2\/types\/product"}],"wp:featuredmedia":[{"embeddable":true,"href":"https:\/\/www.charmig.nl\/fr\/wp-json\/wp\/v2\/media\/9741"}],"wp:attachment":[{"href":"https:\/\/www.charmig.nl\/fr\/wp-json\/wp\/v2\/media?parent=9739"}],"wp:term":[{"taxonomy":"product_brand","embeddable":true,"href":"https:\/\/www.charmig.nl\/fr\/wp-json\/wp\/v2\/product_brand?post=9739"},{"taxonomy":"product_cat","embeddable":true,"href":"https:\/\/www.charmig.nl\/fr\/wp-json\/wp\/v2\/product_cat?post=9739"},{"taxonomy":"product_tag","embeddable":true,"href":"https:\/\/www.charmig.nl\/fr\/wp-json\/wp\/v2\/product_tag?post=9739"}],"curies":[{"name":"wp","href":"https:\/\/api.w.org\/{rel}","templated":true}]}}