{"id":9906,"date":"2023-10-19T15:45:45","date_gmt":"2023-10-19T13:45:45","guid":{"rendered":"https:\/\/www.charmig.nl\/?post_type=product&#038;p=9906"},"modified":"2026-04-12T15:14:46","modified_gmt":"2026-04-12T13:14:46","slug":"grote-vintage-west-germany-vaas-bruin-40-cm","status":"publish","type":"product","link":"https:\/\/www.charmig.nl\/fr\/produit\/accessoires-de-maison\/vases\/grote-vintage-west-germany-vaas-bruin-40-cm\/","title":{"rendered":"Grand vase vintage d'Allemagne de l'Ouest | Marron | 40 cm"},"content":{"rendered":"","protected":false},"excerpt":{"rendered":"Num\u00e9ro d'article : 210952\r\n\r\nMagnifique grand vase de couleur marron vintage, au look r\u00e9tro. Le vase a une finition brillante. Ce vase de l'Allemagne de l'Ouest est encore parfait, il n'y a pas de fissures, de rayures ou autres. La tache montr\u00e9e sur la photo 3 est une gla\u00e7ure irr\u00e9guli\u00e8re.\r\n\r\n Hauteur : 40 cm\r\n Diam\u00e8tre : 13 cm","protected":false},"featured_media":9907,"template":"","meta":{"_acf_changed":false},"product_brand":[],"product_cat":[159],"product_tag":[],"class_list":{"0":"post-9906","1":"product","2":"type-product","3":"status-publish","4":"has-post-thumbnail","6":"product_cat-vazen","7":"product_shipping_class-klein-pakket","9":"first","10":"outofstock","11":"shipping-taxable","12":"purchasable","13":"product-type-simple"},"composite_virtual":false,"composite_layout":"","composite_add_to_cart_form_location":"","composite_editable_in_cart":false,"composite_sold_individually_context":"","composite_shop_price_calc":"","composite_components":[],"composite_scenarios":[],"exclude_global_add_ons":[],"addons":[],"acf":[],"yoast_head":null,"yoast_head_json":null,"_links":{"self":[{"href":"https:\/\/www.charmig.nl\/fr\/wp-json\/wp\/v2\/product\/9906","targetHints":{"allow":["GET"]}}],"collection":[{"href":"https:\/\/www.charmig.nl\/fr\/wp-json\/wp\/v2\/product"}],"about":[{"href":"https:\/\/www.charmig.nl\/fr\/wp-json\/wp\/v2\/types\/product"}],"wp:featuredmedia":[{"embeddable":true,"href":"https:\/\/www.charmig.nl\/fr\/wp-json\/wp\/v2\/media\/9907"}],"wp:attachment":[{"href":"https:\/\/www.charmig.nl\/fr\/wp-json\/wp\/v2\/media?parent=9906"}],"wp:term":[{"taxonomy":"product_brand","embeddable":true,"href":"https:\/\/www.charmig.nl\/fr\/wp-json\/wp\/v2\/product_brand?post=9906"},{"taxonomy":"product_cat","embeddable":true,"href":"https:\/\/www.charmig.nl\/fr\/wp-json\/wp\/v2\/product_cat?post=9906"},{"taxonomy":"product_tag","embeddable":true,"href":"https:\/\/www.charmig.nl\/fr\/wp-json\/wp\/v2\/product_tag?post=9906"}],"curies":[{"name":"wp","href":"https:\/\/api.w.org\/{rel}","templated":true}]}}